{"id":566,"date":"2014-11-25T09:18:10","date_gmt":"2014-11-25T09:18:10","guid":{"rendered":"http:\/\/elbistrolamangaclub.com\/?page_id=566"},"modified":"2025-10-12T18:16:34","modified_gmt":"2025-10-12T18:16:34","slug":"lunch-snacks","status":"publish","type":"page","link":"http:\/\/elbistrolamangaclub.com\/es\/lunch-snacks\/","title":{"rendered":"ALMUERZOS"},"content":{"rendered":"<div  class='avia-slideshow av-ji7uldbu-9622838efd2558fdb5f9eecec1eb44c4 avia-slideshow-featured av_slideshow avia-slide-slider  avia-builder-el-0  el_before_av_hr  avia-builder-el-first  av-slideshow-ui av-control-default av-slideshow-manual av-loop-once av-loop-manual-endless av-default-height-applied avia-slideshow-1' data-slideshow-options=\"{&quot;animation&quot;:&quot;slide&quot;,&quot;autoplay&quot;:false,&quot;loop_autoplay&quot;:&quot;once&quot;,&quot;interval&quot;:5,&quot;loop_manual&quot;:&quot;manual-endless&quot;,&quot;autoplay_stopper&quot;:false,&quot;noNavigation&quot;:false,&quot;bg_slider&quot;:false,&quot;keep_padding&quot;:false,&quot;hoverpause&quot;:false,&quot;show_slide_delay&quot;:0}\"  itemprop=\"image\" itemscope=\"itemscope\" itemtype=\"https:\/\/schema.org\/ImageObject\" ><ul class='avia-slideshow-inner ' style='padding-bottom: 28.666666666667%;'><li  class='avia-slideshow-slide av-ji7uldbu-9622838efd2558fdb5f9eecec1eb44c4__0  av-single-slide slide-1 slide-odd'><div data-rel='slideshow-1' class='avia-slide-wrap '   ><img decoding=\"async\" fetchpriority=\"high\" class=\"wp-image-4345 avia-img-lazy-loading-not-4345\"  src=\"https:\/\/elbistrolamangaclub.com\/wp-content\/uploads\/2024\/01\/83491192_m-1500x430.jpg\" width=\"1500\" height=\"430\" title='83491192 - composition with vegetable salad bowl. balanced diet.' alt=''  itemprop=\"thumbnailUrl\"   \/><\/div><\/li><\/ul><\/div>\n\n<style type=\"text\/css\" data-created_by=\"avia_inline_auto\" id=\"style-css-av-1onmry-039f1d4641269e4eeada8eb77131926f\">\n#top .hr.hr-invisible.av-1onmry-039f1d4641269e4eeada8eb77131926f{\nheight:50px;\n}\n<\/style>\n<div  class='hr av-1onmry-039f1d4641269e4eeada8eb77131926f hr-invisible  avia-builder-el-1  el_after_av_slideshow  el_before_av_one_half '><span class='hr-inner '><span class=\"hr-inner-style\"><\/span><\/span><\/div>\n<div  class='flex_column av-1mmngm-6251b4298270934baeb639a2440e4822 av_one_half  avia-builder-el-2  el_after_av_hr  el_before_av_one_half  first flex_column_div  '     ><section  class='av_textblock_section av-1esv66-c99ea8acba178fde5312e738a8326df4 '   itemscope=\"itemscope\" itemtype=\"https:\/\/schema.org\/CreativeWork\" ><div class='avia_textblock'  itemprop=\"text\" >\n<style type=\"text\/css\" data-created_by=\"avia_inline_auto\" id=\"style-css-av-19q1dq-a55cbee7a9493dce116ef66517ea10cc\">\n#top .av-special-heading.av-19q1dq-a55cbee7a9493dce116ef66517ea10cc{\npadding-bottom:10px;\ncolor:#dd3333;\n}\nbody .av-special-heading.av-19q1dq-a55cbee7a9493dce116ef66517ea10cc .av-special-heading-tag .heading-char{\nfont-size:25px;\n}\n.av-special-heading.av-19q1dq-a55cbee7a9493dce116ef66517ea10cc .special-heading-inner-border{\nborder-color:#dd3333;\n}\n.av-special-heading.av-19q1dq-a55cbee7a9493dce116ef66517ea10cc .av-subheading{\nfont-size:15px;\n}\n<\/style>\n<div  class='av-special-heading av-19q1dq-a55cbee7a9493dce116ef66517ea10cc av-special-heading-h2 custom-color-heading blockquote modern-quote  avia-builder-el-4  el_before_av_heading  avia-builder-el-first  av-thin-font'><h2 class='av-special-heading-tag'  itemprop=\"headline\"  ><strong>NUESTROS PANES<\/strong><\/h2><div class=\"special-heading-border\"><div class=\"special-heading-inner-border\"><\/div><\/div><\/div>\n<p><strong>PAN Y MANTEQUILLA <\/strong>(v)<\/p>\n<p><strong>PAN DE AJO<\/strong> (v)<\/p>\n<p><strong>PAN DE AJO CON QUESO <\/strong>(v)<\/p>\n<p><strong>PAN R\u00daSTICO PAYES<\/strong> (v) <em>&#8211; <\/em>con sal marina, ali oli, aceite y vinagre bals\u00e1mico y tomate rallado<\/p>\n\n<style type=\"text\/css\" data-created_by=\"avia_inline_auto\" id=\"style-css-av-19q1dq-4-55563edc4637a903e484f598ff15cf3f\">\n#top .av-special-heading.av-19q1dq-4-55563edc4637a903e484f598ff15cf3f{\npadding-bottom:10px;\ncolor:#dd3333;\n}\nbody .av-special-heading.av-19q1dq-4-55563edc4637a903e484f598ff15cf3f .av-special-heading-tag .heading-char{\nfont-size:25px;\n}\n.av-special-heading.av-19q1dq-4-55563edc4637a903e484f598ff15cf3f .special-heading-inner-border{\nborder-color:#dd3333;\n}\n.av-special-heading.av-19q1dq-4-55563edc4637a903e484f598ff15cf3f .av-subheading{\nfont-size:15px;\n}\n<\/style>\n<div  class='av-special-heading av-19q1dq-4-55563edc4637a903e484f598ff15cf3f av-special-heading-h2 custom-color-heading blockquote modern-quote  avia-builder-el-5  el_after_av_heading  el_before_av_heading  av-thin-font'><h2 class='av-special-heading-tag'  itemprop=\"headline\"  ><strong>RACIONES<\/strong><\/h2><div class=\"special-heading-border\"><div class=\"special-heading-inner-border\"><\/div><\/div><\/div>\n<p><strong>ALI OLI <\/strong>(GF) (v)<\/p>\n<p><strong>ACEITUNAS MACERADAS <\/strong>(GF) <em>(vegano)<\/em><\/p>\n<p><strong>PATATAS FRITAS CASERAS <\/strong><em>(vegano)<\/em><\/p>\n<p><strong>ENSALADA AMERICANA DE LOMBARDA <\/strong>(v) (GF)<\/p>\n<p><strong>ENSALADA MIXTA PEQUE\u00d1A<\/strong> <em>(vegano)<\/em> (GF)<\/p>\n\n<style type=\"text\/css\" data-created_by=\"avia_inline_auto\" id=\"style-css-av-19q1dq-3-88df4af7bf8fb0edbb380641ab8ab786\">\n#top .av-special-heading.av-19q1dq-3-88df4af7bf8fb0edbb380641ab8ab786{\npadding-bottom:10px;\ncolor:#dd3333;\n}\nbody .av-special-heading.av-19q1dq-3-88df4af7bf8fb0edbb380641ab8ab786 .av-special-heading-tag .heading-char{\nfont-size:25px;\n}\n.av-special-heading.av-19q1dq-3-88df4af7bf8fb0edbb380641ab8ab786 .special-heading-inner-border{\nborder-color:#dd3333;\n}\n.av-special-heading.av-19q1dq-3-88df4af7bf8fb0edbb380641ab8ab786 .av-subheading{\nfont-size:15px;\n}\n<\/style>\n<div  class='av-special-heading av-19q1dq-3-88df4af7bf8fb0edbb380641ab8ab786 av-special-heading-h2 custom-color-heading blockquote modern-quote  avia-builder-el-6  el_after_av_heading  el_before_av_heading  av-thin-font'><h2 class='av-special-heading-tag'  itemprop=\"headline\"  ><strong>NUESTRAS<\/strong> <strong>ENSALADAS<\/strong><\/h2><div class=\"special-heading-border\"><div class=\"special-heading-inner-border\"><\/div><\/div><\/div>\n<p><b>MIXTA DE AT\u00daN LA CASA\u00a0 <\/b>(v) (GF) &#8211; lechuga, huevo duro, tomate, pepino, cebolla, pepinillo,\u00a0 zanahoria, aceitunas, pimientos y lombarda curtida<\/p>\n<p><strong><em>Pidala sin huevo duro y at\u00fan (+ aguacate) para que sea una opci\u00f3n vegana<\/em><\/strong><\/p>\n<p><b>DE QUESO DE CABRA TEMPLADA <\/b>(v) (GF) &#8211; verduras asadas y a la plancha, nueces, mermelada de tomate y chili, espinaca crujiente y ali\u00f1o de aceite de albahaca<\/p>\n<p><b>SALM\u00d3N AHUMADO Y GAMBAS PELADAS\u00a0 <\/b>&#8211; con aguacate, lechuga, tomate, cebolla roja y salsa rosa<\/p>\n\n<style type=\"text\/css\" data-created_by=\"avia_inline_auto\" id=\"style-css-av-19q1dq-2-6c8bec57af472ec15a4e2ae33cd5fc43\">\n#top .av-special-heading.av-19q1dq-2-6c8bec57af472ec15a4e2ae33cd5fc43{\npadding-bottom:10px;\ncolor:#dd3333;\n}\nbody .av-special-heading.av-19q1dq-2-6c8bec57af472ec15a4e2ae33cd5fc43 .av-special-heading-tag .heading-char{\nfont-size:25px;\n}\n.av-special-heading.av-19q1dq-2-6c8bec57af472ec15a4e2ae33cd5fc43 .special-heading-inner-border{\nborder-color:#dd3333;\n}\n.av-special-heading.av-19q1dq-2-6c8bec57af472ec15a4e2ae33cd5fc43 .av-subheading{\nfont-size:15px;\n}\n<\/style>\n<div  class='av-special-heading av-19q1dq-2-6c8bec57af472ec15a4e2ae33cd5fc43 av-special-heading-h2 custom-color-heading blockquote modern-quote  avia-builder-el-7  el_after_av_heading  el_before_av_heading  av-thin-font'><h2 class='av-special-heading-tag'  itemprop=\"headline\"  ><strong>PARA PICAR<\/strong><\/h2><div class=\"special-heading-border\"><div class=\"special-heading-inner-border\"><\/div><\/div><\/div>\n<p><b>ACEITUNAS MACERADAS <\/b>(GF) <i>(vegano)\u00a0<\/i><\/p>\n<p><b>HUEVOS ROTOS <\/b>con chorizo (GF)<\/p>\n<p><b>TORTILLA FRANCESA DE CHAMPI\u00d1\u00d3N\u00a0 <\/b>servida con patatas fritas y ensaladita (GF) (v)<\/p>\n<p>O de jam\u00f3n york (GF) O de tomate <i>(vegano) <\/i>(GF) O de espinacas <i>(vegano) <\/i>(GF)<\/p>\n<p><b>TIRAS DE POLLO MACERADAS <\/b>rebozadas en pan rallado y servidas con salsa brava<\/p>\n<p><b>CALAMARES A LA ANDALUZA <\/b>con ali oli\u00a0 (GF)<\/p>\n<p><b>GAMBAS AL AJILLO <\/b>(GF) servidas en su propia cazuela<\/p>\n<p><b>ESPAGUETIS BOLO\u00d1ESA <\/b>con 100% de ternera en salsa de tomate (<i>penne sin gluten tambi\u00e9n disponible)<\/i><\/p>\n<p><b>ESPAGUETIS CON SALSA CARBARONARA<\/b><b>\u00a0<\/b><i>(penne sin gluten tambi\u00e9n disponible)<\/i><\/p>\n<p><b>ESPAGUETIS GAMBAS AL AJILLO<\/b><b>\u00a0<\/b><i>(penne sin gluten tambi\u00e9n disponible)<\/i><\/p>\n\n<style type=\"text\/css\" data-created_by=\"avia_inline_auto\" id=\"style-css-av-19q1dq-1-cdc6c4258a6945930084396839af81c8\">\n#top .av-special-heading.av-19q1dq-1-cdc6c4258a6945930084396839af81c8{\npadding-bottom:10px;\ncolor:#dd3333;\n}\nbody .av-special-heading.av-19q1dq-1-cdc6c4258a6945930084396839af81c8 .av-special-heading-tag .heading-char{\nfont-size:25px;\n}\n.av-special-heading.av-19q1dq-1-cdc6c4258a6945930084396839af81c8 .special-heading-inner-border{\nborder-color:#dd3333;\n}\n.av-special-heading.av-19q1dq-1-cdc6c4258a6945930084396839af81c8 .av-subheading{\nfont-size:15px;\n}\n<\/style>\n<div  class='av-special-heading av-19q1dq-1-cdc6c4258a6945930084396839af81c8 av-special-heading-h2 custom-color-heading blockquote modern-quote  avia-builder-el-8  el_after_av_heading  avia-builder-el-last  av-thin-font'><h2 class='av-special-heading-tag'  itemprop=\"headline\"  ><strong>BOCADILLOS Y S\u00c1NDWICH<\/strong><\/h2><div class=\"special-heading-border\"><div class=\"special-heading-inner-border\"><\/div><\/div><\/div>\n<p><b>S\u00c1NDWICH MIXTO <\/b>con patatas fritas caseras<\/p>\n<p><b>S\u00c1NDWICH DE QUESO\u00a0 FUNDIDO Y\u00a0 CEBOLLA CARAMELIZADA\u00a0 <\/b>con patatas fritas caseras (v)<\/p>\n<p><b>BOCADILLO DE AT\u00daN Y MAYONESA\u00a0 <\/b>con lechuga y servida con patatas fritas caseras<\/p>\n<p><strong>BOCADILLO DE SALCHICHA INGLESA DE CERDO<\/strong> con cebolla caramelizada y patatas fritas caseras de guarnici\u00f3n<\/p>\n<p><b>S\u00c1NDWICH CLUB BISTRO <\/b>tres pisos\u00a0 de pollo, bacon, mayonesa, lechuga, tomate y servido con patatas fritas caseras<\/p>\n<\/div><\/section><\/div>\n<style type=\"text\/css\" data-created_by=\"avia_inline_auto\" id=\"style-css-av-tl0pq-aabad346ee602f34b01d138e677961bd\">\n.flex_column.av-tl0pq-aabad346ee602f34b01d138e677961bd{\nborder-radius:0px 0px 0px 0px;\npadding:0px 0px 0px 0px;\n}\n<\/style>\n<div  class='flex_column av-tl0pq-aabad346ee602f34b01d138e677961bd av_one_half  avia-builder-el-9  el_after_av_one_half  avia-builder-el-last  flex_column_div av-zero-column-padding  '     ><section  class='av_textblock_section av-ncycu-458a2f0bd4c21ad2e9e20810b29ffa36 '   itemscope=\"itemscope\" itemtype=\"https:\/\/schema.org\/CreativeWork\" ><div class='avia_textblock'  itemprop=\"text\" >\n<style type=\"text\/css\" data-created_by=\"avia_inline_auto\" id=\"style-css-av-19sh9-1-e4451e43c6ccf7e8b437d51bcc5c2b10\">\n#top .av-special-heading.av-19sh9-1-e4451e43c6ccf7e8b437d51bcc5c2b10{\npadding-bottom:10px;\ncolor:#dd3333;\n}\nbody .av-special-heading.av-19sh9-1-e4451e43c6ccf7e8b437d51bcc5c2b10 .av-special-heading-tag .heading-char{\nfont-size:25px;\n}\n.av-special-heading.av-19sh9-1-e4451e43c6ccf7e8b437d51bcc5c2b10 .special-heading-inner-border{\nborder-color:#dd3333;\n}\n.av-special-heading.av-19sh9-1-e4451e43c6ccf7e8b437d51bcc5c2b10 .av-subheading{\nfont-size:15px;\n}\n<\/style>\n<div  class='av-special-heading av-19sh9-1-e4451e43c6ccf7e8b437d51bcc5c2b10 av-special-heading-h2 custom-color-heading blockquote modern-quote  avia-builder-el-11  avia-builder-el-no-sibling  av-thin-font'><h2 class='av-special-heading-tag'  itemprop=\"headline\"  ><strong>MENU BRUNCH DEL D\u00cdA<\/strong><\/h2><div class=\"special-heading-border\"><div class=\"special-heading-inner-border\"><\/div><\/div><\/div>\n<p><strong>Servido de martes a viernes a mediod\u00eda @ <\/strong><b>18 \u20ac pp<\/b><\/p>\n<ul>\n<li>A elegir entre cinco entrantes<\/li>\n<li>A elegir entre cinco platos fuertes<\/li>\n<li>A elegir entre postre o caf\u00e9<\/li>\n<li>Bebidas ni pan inclu\u00eddo<\/li>\n<\/ul>\n<p><b>MEN\u00da BRUNCH DEL D\u00cdA <\/b>\u2014 ofrecido de martes a viernes, ambos inclusive y solo a mediod\u00eda.\u00a0 No se ofrece en festivos, visperas de festivos, locales y nacionales ni tampoco durante los meses de Junio, Julio y Agosto. Todos nuestros platos han sido elaborados con los ingredientes indicados, lament\u00e1ndolo mucho, no podemos modificar ni alterar los platos. Muchas\u00a0 gracias por su comprensi\u00f3n.<\/p>\n<p><b>INFORMACI\u00d3N ADICIONAL<\/b>: Les presentamos\u00a0 nuestro <b>Men\u00fa Brunch del D\u00eda<\/b>, realizado con la misma calidad que nuestros platos de <b>Carta<\/b>, pero con un gramaje\u00a0 inferior, por lo que podemos ajustar el precio y ofrecerles una calidad a un precio ajustado. Todos nuestros platos se cocina al momento.\u00a0 En <b>El Bistro <\/b>se cocina, no se calienta, por lo que no podemos sacarle la comida al instante. Si desea unas raciones m\u00e1s grandes o cambio de ingredientes tiene a su disposici\u00f3n nuestro men\u00fa <b>A la Carta<\/b>.<\/p>\n<\/div><\/section><\/div><\/p>\n","protected":false},"excerpt":{"rendered":"","protected":false},"author":4,"featured_media":0,"parent":0,"menu_order":0,"comment_status":"closed","ping_status":"closed","template":"","meta":{"_joinchat":[],"footnotes":""},"class_list":["post-566","page","type-page","status-publish","hentry"],"yoast_head":"<!-- This site is optimized with the Yoast SEO plugin v23.6 - https:\/\/yoast.com\/wordpress\/plugins\/seo\/ -->\n<title>ALMUERZOS - Restaurante La Manga Club<\/title>\n<meta name=\"robots\" content=\"index, follow, max-snippet:-1, max-image-preview:large, max-video-preview:-1\" \/>\n<link rel=\"canonical\" href=\"http:\/\/elbistrolamangaclub.com\/es\/lunch-snacks\/\" \/>\n<meta property=\"og:locale\" content=\"es_ES\" \/>\n<meta property=\"og:type\" content=\"article\" \/>\n<meta property=\"og:title\" content=\"ALMUERZOS - Restaurante La Manga Club\" \/>\n<meta property=\"og:url\" content=\"http:\/\/elbistrolamangaclub.com\/es\/lunch-snacks\/\" \/>\n<meta property=\"og:site_name\" content=\"Restaurante La Manga Club\" \/>\n<meta property=\"article:publisher\" content=\"https:\/\/www.facebook.com\/p\/El-Bistro-Restaurante-100031217328525\/\" \/>\n<meta property=\"article:modified_time\" content=\"2025-10-12T18:16:34+00:00\" \/>\n<meta name=\"twitter:card\" content=\"summary_large_image\" \/>\n<meta name=\"twitter:label1\" content=\"Tiempo de lectura\" \/>\n\t<meta name=\"twitter:data1\" content=\"3 minutos\" \/>\n<script type=\"application\/ld+json\" class=\"yoast-schema-graph\">{\"@context\":\"https:\/\/schema.org\",\"@graph\":[{\"@type\":\"WebPage\",\"@id\":\"http:\/\/elbistrolamangaclub.com\/es\/lunch-snacks\/\",\"url\":\"http:\/\/elbistrolamangaclub.com\/es\/lunch-snacks\/\",\"name\":\"ALMUERZOS - Restaurante La Manga Club\",\"isPartOf\":{\"@id\":\"https:\/\/elbistrolamangaclub.com\/es\/#website\"},\"datePublished\":\"2014-11-25T09:18:10+00:00\",\"dateModified\":\"2025-10-12T18:16:34+00:00\",\"breadcrumb\":{\"@id\":\"http:\/\/elbistrolamangaclub.com\/es\/lunch-snacks\/#breadcrumb\"},\"inLanguage\":\"es\",\"potentialAction\":[{\"@type\":\"ReadAction\",\"target\":[\"http:\/\/elbistrolamangaclub.com\/es\/lunch-snacks\/\"]}]},{\"@type\":\"BreadcrumbList\",\"@id\":\"http:\/\/elbistrolamangaclub.com\/es\/lunch-snacks\/#breadcrumb\",\"itemListElement\":[{\"@type\":\"ListItem\",\"position\":1,\"name\":\"Portada\",\"item\":\"http:\/\/elbistrolamangaclub.com\/es\/welcome\/\"},{\"@type\":\"ListItem\",\"position\":2,\"name\":\"ALMUERZOS\"}]},{\"@type\":\"WebSite\",\"@id\":\"https:\/\/elbistrolamangaclub.com\/es\/#website\",\"url\":\"https:\/\/elbistrolamangaclub.com\/es\/\",\"name\":\"Restaurante La Manga Club\",\"description\":\"El Bistro\",\"publisher\":{\"@id\":\"https:\/\/elbistrolamangaclub.com\/es\/#organization\"},\"potentialAction\":[{\"@type\":\"SearchAction\",\"target\":{\"@type\":\"EntryPoint\",\"urlTemplate\":\"https:\/\/elbistrolamangaclub.com\/es\/?s={search_term_string}\"},\"query-input\":{\"@type\":\"PropertyValueSpecification\",\"valueRequired\":true,\"valueName\":\"search_term_string\"}}],\"inLanguage\":\"es\"},{\"@type\":\"Organization\",\"@id\":\"https:\/\/elbistrolamangaclub.com\/es\/#organization\",\"name\":\"Restaurante La Manga Club\",\"url\":\"https:\/\/elbistrolamangaclub.com\/es\/\",\"logo\":{\"@type\":\"ImageObject\",\"inLanguage\":\"es\",\"@id\":\"https:\/\/elbistrolamangaclub.com\/es\/#\/schema\/logo\/image\/\",\"url\":\"https:\/\/elbistrolamangaclub.com\/wp-content\/uploads\/2019\/07\/ElBistro-logo-black.png\",\"contentUrl\":\"https:\/\/elbistrolamangaclub.com\/wp-content\/uploads\/2019\/07\/ElBistro-logo-black.png\",\"width\":396,\"height\":293,\"caption\":\"Restaurante La Manga Club\"},\"image\":{\"@id\":\"https:\/\/elbistrolamangaclub.com\/es\/#\/schema\/logo\/image\/\"},\"sameAs\":[\"https:\/\/www.facebook.com\/p\/El-Bistro-Restaurante-100031217328525\/\",\"https:\/\/www.instagram.com\/elbistro_lamangaclub\/\"]}]}<\/script>\n<!-- \/ Yoast SEO plugin. -->","yoast_head_json":{"title":"ALMUERZOS - Restaurante La Manga Club","robots":{"index":"index","follow":"follow","max-snippet":"max-snippet:-1","max-image-preview":"max-image-preview:large","max-video-preview":"max-video-preview:-1"},"canonical":"http:\/\/elbistrolamangaclub.com\/es\/lunch-snacks\/","og_locale":"es_ES","og_type":"article","og_title":"ALMUERZOS - Restaurante La Manga Club","og_url":"http:\/\/elbistrolamangaclub.com\/es\/lunch-snacks\/","og_site_name":"Restaurante La Manga Club","article_publisher":"https:\/\/www.facebook.com\/p\/El-Bistro-Restaurante-100031217328525\/","article_modified_time":"2025-10-12T18:16:34+00:00","twitter_card":"summary_large_image","twitter_misc":{"Tiempo de lectura":"3 minutos"},"schema":{"@context":"https:\/\/schema.org","@graph":[{"@type":"WebPage","@id":"http:\/\/elbistrolamangaclub.com\/es\/lunch-snacks\/","url":"http:\/\/elbistrolamangaclub.com\/es\/lunch-snacks\/","name":"ALMUERZOS - Restaurante La Manga Club","isPartOf":{"@id":"https:\/\/elbistrolamangaclub.com\/es\/#website"},"datePublished":"2014-11-25T09:18:10+00:00","dateModified":"2025-10-12T18:16:34+00:00","breadcrumb":{"@id":"http:\/\/elbistrolamangaclub.com\/es\/lunch-snacks\/#breadcrumb"},"inLanguage":"es","potentialAction":[{"@type":"ReadAction","target":["http:\/\/elbistrolamangaclub.com\/es\/lunch-snacks\/"]}]},{"@type":"BreadcrumbList","@id":"http:\/\/elbistrolamangaclub.com\/es\/lunch-snacks\/#breadcrumb","itemListElement":[{"@type":"ListItem","position":1,"name":"Portada","item":"http:\/\/elbistrolamangaclub.com\/es\/welcome\/"},{"@type":"ListItem","position":2,"name":"ALMUERZOS"}]},{"@type":"WebSite","@id":"https:\/\/elbistrolamangaclub.com\/es\/#website","url":"https:\/\/elbistrolamangaclub.com\/es\/","name":"Restaurante La Manga Club","description":"El Bistro","publisher":{"@id":"https:\/\/elbistrolamangaclub.com\/es\/#organization"},"potentialAction":[{"@type":"SearchAction","target":{"@type":"EntryPoint","urlTemplate":"https:\/\/elbistrolamangaclub.com\/es\/?s={search_term_string}"},"query-input":{"@type":"PropertyValueSpecification","valueRequired":true,"valueName":"search_term_string"}}],"inLanguage":"es"},{"@type":"Organization","@id":"https:\/\/elbistrolamangaclub.com\/es\/#organization","name":"Restaurante La Manga Club","url":"https:\/\/elbistrolamangaclub.com\/es\/","logo":{"@type":"ImageObject","inLanguage":"es","@id":"https:\/\/elbistrolamangaclub.com\/es\/#\/schema\/logo\/image\/","url":"https:\/\/elbistrolamangaclub.com\/wp-content\/uploads\/2019\/07\/ElBistro-logo-black.png","contentUrl":"https:\/\/elbistrolamangaclub.com\/wp-content\/uploads\/2019\/07\/ElBistro-logo-black.png","width":396,"height":293,"caption":"Restaurante La Manga Club"},"image":{"@id":"https:\/\/elbistrolamangaclub.com\/es\/#\/schema\/logo\/image\/"},"sameAs":["https:\/\/www.facebook.com\/p\/El-Bistro-Restaurante-100031217328525\/","https:\/\/www.instagram.com\/elbistro_lamangaclub\/"]}]}},"_links":{"self":[{"href":"https:\/\/elbistrolamangaclub.com\/es\/wp-json\/wp\/v2\/pages\/566","targetHints":{"allow":["GET"]}}],"collection":[{"href":"https:\/\/elbistrolamangaclub.com\/es\/wp-json\/wp\/v2\/pages"}],"about":[{"href":"https:\/\/elbistrolamangaclub.com\/es\/wp-json\/wp\/v2\/types\/page"}],"author":[{"embeddable":true,"href":"https:\/\/elbistrolamangaclub.com\/es\/wp-json\/wp\/v2\/users\/4"}],"replies":[{"embeddable":true,"href":"https:\/\/elbistrolamangaclub.com\/es\/wp-json\/wp\/v2\/comments?post=566"}],"version-history":[{"count":75,"href":"https:\/\/elbistrolamangaclub.com\/es\/wp-json\/wp\/v2\/pages\/566\/revisions"}],"predecessor-version":[{"id":4718,"href":"https:\/\/elbistrolamangaclub.com\/es\/wp-json\/wp\/v2\/pages\/566\/revisions\/4718"}],"wp:attachment":[{"href":"https:\/\/elbistrolamangaclub.com\/es\/wp-json\/wp\/v2\/media?parent=566"}],"curies":[{"name":"wp","href":"https:\/\/api.w.org\/{rel}","templated":true}]}}