{"id":564,"date":"2014-11-25T09:07:05","date_gmt":"2014-11-25T09:07:05","guid":{"rendered":"http:\/\/elbistrolamangaclub.com\/?page_id=564"},"modified":"2023-11-09T17:40:52","modified_gmt":"2023-11-09T17:40:52","slug":"legal-notice","status":"publish","type":"page","link":"https:\/\/elbistrolamangaclub.com\/es\/legal-notice\/","title":{"rendered":"LEGAL NOTICE"},"content":{"rendered":"\n<style type=\"text\/css\" data-created_by=\"avia_inline_auto\" id=\"style-css-av-av_heading-b0d78b3e11eb8acc4e9a4d42c4c3c6be\">\n#top .av-special-heading.av-av_heading-b0d78b3e11eb8acc4e9a4d42c4c3c6be{\npadding-bottom:10px;\n}\nbody .av-special-heading.av-av_heading-b0d78b3e11eb8acc4e9a4d42c4c3c6be .av-special-heading-tag .heading-char{\nfont-size:25px;\n}\n.av-special-heading.av-av_heading-b0d78b3e11eb8acc4e9a4d42c4c3c6be .av-subheading{\nfont-size:15px;\n}\n<\/style>\n<div  class='av-special-heading av-av_heading-b0d78b3e11eb8acc4e9a4d42c4c3c6be av-special-heading-h3  avia-builder-el-0  el_before_av_textblock  avia-builder-el-first '><h3 class='av-special-heading-tag'  itemprop=\"headline\"  >\u2028AVISO LEGAL Y POL\u00cdTICA DE PRIVACIDAD<\/h3><div class=\"special-heading-border\"><div class=\"special-heading-inner-border\"><\/div><\/div><\/div>\n<section  class='av_textblock_section av-av_textblock-0366cc7376be6c9e82a3e9cc8987b64f '   itemscope=\"itemscope\" itemtype=\"https:\/\/schema.org\/CreativeWork\" ><div class='avia_textblock'  itemprop=\"text\" ><p style=\"text-align: justify;\">Informaci\u00f3n legal En cumplimiento de la Ley 34\/2002, de 11 de julio, de Servicios de la Sociedad de la Informaci\u00f3n y de Comercio Electr\u00f3nico, le informamos que el dominio de internet www.elbistrolamangaclub.com es titularidad de MB LA MANGA CLUB , S.L. (C.I.F.: B30693436, Plaza Mayor, Bellaluz, La Manga Club s\/n, 30389 Cartagena (Spain) tel\u00e9fono 968 537 023y correo electr\u00f3nico: info@elbistrolamangaclub.com Condiciones generales de uso de este sitio web www.elbistrolamangaclub.com es un sitio web titularidad de MB LA MANGA CLUB , S.L.<\/p>\n<p style=\"text-align: justify;\">El usuario accede a este sitio web de forma voluntaria. El acceso a este sitio web tiene car\u00e1cter gratuito. La navegaci\u00f3n en este sitio web implica aceptar y conocer las advertencias legales, condiciones y t\u00e9rminos de uso y pol\u00edtica de privacidad contenidos en \u00e9l. Si el usuario no est\u00e1 de acuerdo con estas condiciones de uso y no presta su consentimiento, no podr\u00e1 hacer uso de este sitio web.<\/p>\n<p style=\"text-align: justify;\">El acceso a este sitio web, as\u00ed como el uso que pueda hacerse de la informaci\u00f3n que contiene, son de la exclusiva responsabilidad del usuario. El usuario se compromete a hacer uso del mismo de acuerdo a la finalidad del sitio web.<\/p>\n<p style=\"text-align: justify;\">El usuario no puede hacer un uso il\u00edcito de la informaci\u00f3n contenida en esta web, ni llevar a cabo acciones que puedan da\u00f1ar o alterar los sistemas inform\u00e1ticos de esta web. Queda prohibida la inclusi\u00f3n y comunicaci\u00f3n de contenidos, por parte de los usuarios, que sean falsos o inexactos y que induzcan o puedan inducir a error a MB LA MANGA CLUB , S.L. o a otros usuarios o terceros.<\/p>\n<p style=\"text-align: justify;\">El usuario ser\u00e1 el \u00fanico responsable de los perjuicios que cause mediante la comunicaci\u00f3n de dichos datos. Queda prohibido el uso de datos personales de terceros sin su consentimiento, as\u00ed como el uso de datos identificativos de terceros con el \u00e1nimo de hacerse pasar por o fingir ser cualquier otra persona o entidad. MB LA MANGA CLUB , S.L. realiza los m\u00e1ximos esfuerzos para evitar errores en los contenidos que se publican en el sitio web, reserv\u00e1ndose la facultad de poder modificarlos en cualquier momento. MB LA MANGA CLUB , S.L. declina expresamente cualquier responsabilidad por error u omisi\u00f3n en los contenidos de este sitio web y de los da\u00f1os y perjuicios que puedan deberse a la falta de veracidad, exactitud y actualidad de los mismos. MB LA MANGA CLUB , S.L. no se responsabilizar\u00e1 de ninguna consecuencia, da\u00f1o o perjuicio que pudieran derivarse del uso de este sitio web o de sus contenidos, incluidos da\u00f1os inform\u00e1ticos y la introducci\u00f3n de virus. MB LA MANGA CLUB , S.L. no garantiza la ausencia de virus ni de otros elementos en el sitio web, introducidos por terceros ajenos, que puedan producir alteraciones en los sistemas f\u00edsicos o l\u00f3gicos de los usuarios, pero utiliza todos los medios a su alcance para que esto no suceda. www.elbistrolamangaclub.com puede ofrecer enlaces a otros sitios web.<\/p>\n<p style=\"text-align: justify;\">MB LA MANGA CLUB , S.L. no asume ninguna responsabilidad en relaci\u00f3n con estos sitios enlazados, ya que no tiene ning\u00fan tipo de control sobre ellos, su contenido, productos y servicios ofrecidos, etc. La finalidad de estos servicios es informar al usuario de otras fuentes de informaci\u00f3n, por lo que el usuario accede bajo su exclusiva responsabilidad al contenido y en las condiciones de uso que rijan en los mismos.<\/p>\n<p style=\"text-align: justify;\">MB LA MANGA CLUB , S.L. se reserva el derecho de modificar o borrar en cualquier momento, sin previo aviso y\/o justificaci\u00f3n, el dise\u00f1o, la configuraci\u00f3n y la informaci\u00f3n contenida en este sitio web, si as\u00ed lo estima oportuno. MB LA MANGA CLUB , S.L. no se hace responsable de los perjuicios que estas modificaciones puedan causar. No obstante utilizar\u00e1 todos los recursos que tenga a su alcance para informar a los usuarios de dichas modificaciones.<\/p>\n<p style=\"text-align: justify;\">Propiedad intelectual e industrial Los derechos de propiedad de este sitio web, de sus p\u00e1ginas, pantallas, la informaci\u00f3n que contienen, su apariencia y dise\u00f1o, sus productos y servicios, marcas, logos, lemas, etc. son propiedad de MB LA MANGA CLUB , S.L., salvo que se especifique otra cosa. En ning\u00fan caso el acceso o navegaci\u00f3n en www.elbistrolamangaclub.com implica renuncia, transmisi\u00f3n o licencia total o parcial de MB LA MANGA CLUB , S.L.para uso personal al usuario sobre sus derechos de propiedad intelectual e industrial. La reproducci\u00f3n, distribuci\u00f3n, comercializaci\u00f3n o transformaci\u00f3n no autorizadas de estas obras constituye una infracci\u00f3n de los derechos de propiedad intelectual de MB LA MANGA CLUB , S.L.<\/p>\n<p style=\"text-align: justify;\">El usuario se compromete a no realizar ninguna acci\u00f3n que perjudique la titularidad de este sitio. La utilizaci\u00f3n no autorizada de la informaci\u00f3n contenida en este sitio web, as\u00ed como los perjuicios ocasionados en los derechos de propiedad intelectual e industrial de sus titulares, pueden dar lugar al ejercicio de las acciones que legalmente correspondan y, si procede, a las responsabilidades que de dicho ejercicio se deriven. Modificaciones Estas Condiciones podr\u00e1n sufrir modificaciones cuando MB LA MANGA CLUB , S.L. lo considere oportuno, bien con la finalidad de adecuarse a los cambios legislativos, bien con el fin de llevar a cabo otro tipo de mejoras. Estas modificaciones ser\u00e1n v\u00e1lidas desde su publicaci\u00f3n en este sitio web.<\/p>\n<p style=\"text-align: justify;\">MB LA MANGA CLUB , S.L. utilizar\u00e1 todos los medios a su alcance para dar a conocer a los usuarios de la web los cambios realizados. Jurisdicci\u00f3n Las relaciones establecidas entre MB LA MANGA CLUB , S.L.y el usuario se regir\u00e1n por lo dispuesto en la normativa vigente acerca de la legislaci\u00f3n aplicable y la jurisdicci\u00f3n competente. No obstante, para los casos en los que la normativa prevea la posibilidad a las partes de someterse a un fuero, MB LA MANGA CLUB , S.L. y el usuario, con renuncia expresa a cualquier otro fuero que pudiera corresponderles, se someten a los Juzgados y Tribunales de Murcia.<\/p>\n<\/div><\/section>\n","protected":false},"excerpt":{"rendered":"","protected":false},"author":4,"featured_media":0,"parent":0,"menu_order":0,"comment_status":"closed","ping_status":"closed","template":"","meta":{"_joinchat":[],"footnotes":""},"class_list":["post-564","page","type-page","status-publish","hentry"],"yoast_head":"<!-- This site is optimized with the Yoast SEO plugin v23.6 - https:\/\/yoast.com\/wordpress\/plugins\/seo\/ -->\n<title>LEGAL NOTICE - Restaurante La Manga Club<\/title>\n<meta name=\"robots\" content=\"index, follow, max-snippet:-1, max-image-preview:large, max-video-preview:-1\" \/>\n<link rel=\"canonical\" href=\"https:\/\/elbistrolamangaclub.com\/es\/legal-notice\/\" \/>\n<meta property=\"og:locale\" content=\"es_ES\" \/>\n<meta property=\"og:type\" content=\"article\" \/>\n<meta property=\"og:title\" content=\"LEGAL NOTICE - Restaurante La Manga Club\" \/>\n<meta property=\"og:url\" content=\"https:\/\/elbistrolamangaclub.com\/es\/legal-notice\/\" \/>\n<meta property=\"og:site_name\" content=\"Restaurante La Manga Club\" \/>\n<meta property=\"article:publisher\" content=\"https:\/\/www.facebook.com\/p\/El-Bistro-Restaurante-100031217328525\/\" \/>\n<meta property=\"article:modified_time\" content=\"2023-11-09T17:40:52+00:00\" \/>\n<meta name=\"twitter:card\" content=\"summary_large_image\" \/>\n<meta name=\"twitter:label1\" content=\"Tiempo de lectura\" \/>\n\t<meta name=\"twitter:data1\" content=\"5 minutos\" \/>\n<script type=\"application\/ld+json\" class=\"yoast-schema-graph\">{\"@context\":\"https:\/\/schema.org\",\"@graph\":[{\"@type\":\"WebPage\",\"@id\":\"https:\/\/elbistrolamangaclub.com\/es\/legal-notice\/\",\"url\":\"https:\/\/elbistrolamangaclub.com\/es\/legal-notice\/\",\"name\":\"LEGAL NOTICE - Restaurante La Manga Club\",\"isPartOf\":{\"@id\":\"https:\/\/elbistrolamangaclub.com\/es\/#website\"},\"datePublished\":\"2014-11-25T09:07:05+00:00\",\"dateModified\":\"2023-11-09T17:40:52+00:00\",\"breadcrumb\":{\"@id\":\"https:\/\/elbistrolamangaclub.com\/es\/legal-notice\/#breadcrumb\"},\"inLanguage\":\"es\",\"potentialAction\":[{\"@type\":\"ReadAction\",\"target\":[\"https:\/\/elbistrolamangaclub.com\/es\/legal-notice\/\"]}]},{\"@type\":\"BreadcrumbList\",\"@id\":\"https:\/\/elbistrolamangaclub.com\/es\/legal-notice\/#breadcrumb\",\"itemListElement\":[{\"@type\":\"ListItem\",\"position\":1,\"name\":\"Portada\",\"item\":\"http:\/\/elbistrolamangaclub.com\/es\/welcome\/\"},{\"@type\":\"ListItem\",\"position\":2,\"name\":\"LEGAL NOTICE\"}]},{\"@type\":\"WebSite\",\"@id\":\"https:\/\/elbistrolamangaclub.com\/es\/#website\",\"url\":\"https:\/\/elbistrolamangaclub.com\/es\/\",\"name\":\"Restaurante La Manga Club\",\"description\":\"El Bistro\",\"publisher\":{\"@id\":\"https:\/\/elbistrolamangaclub.com\/es\/#organization\"},\"potentialAction\":[{\"@type\":\"SearchAction\",\"target\":{\"@type\":\"EntryPoint\",\"urlTemplate\":\"https:\/\/elbistrolamangaclub.com\/es\/?s={search_term_string}\"},\"query-input\":{\"@type\":\"PropertyValueSpecification\",\"valueRequired\":true,\"valueName\":\"search_term_string\"}}],\"inLanguage\":\"es\"},{\"@type\":\"Organization\",\"@id\":\"https:\/\/elbistrolamangaclub.com\/es\/#organization\",\"name\":\"Restaurante La Manga Club\",\"url\":\"https:\/\/elbistrolamangaclub.com\/es\/\",\"logo\":{\"@type\":\"ImageObject\",\"inLanguage\":\"es\",\"@id\":\"https:\/\/elbistrolamangaclub.com\/es\/#\/schema\/logo\/image\/\",\"url\":\"https:\/\/elbistrolamangaclub.com\/wp-content\/uploads\/2019\/07\/ElBistro-logo-black.png\",\"contentUrl\":\"https:\/\/elbistrolamangaclub.com\/wp-content\/uploads\/2019\/07\/ElBistro-logo-black.png\",\"width\":396,\"height\":293,\"caption\":\"Restaurante La Manga Club\"},\"image\":{\"@id\":\"https:\/\/elbistrolamangaclub.com\/es\/#\/schema\/logo\/image\/\"},\"sameAs\":[\"https:\/\/www.facebook.com\/p\/El-Bistro-Restaurante-100031217328525\/\",\"https:\/\/www.instagram.com\/elbistro_lamangaclub\/\"]}]}<\/script>\n<!-- \/ Yoast SEO plugin. -->","yoast_head_json":{"title":"LEGAL NOTICE - Restaurante La Manga Club","robots":{"index":"index","follow":"follow","max-snippet":"max-snippet:-1","max-image-preview":"max-image-preview:large","max-video-preview":"max-video-preview:-1"},"canonical":"https:\/\/elbistrolamangaclub.com\/es\/legal-notice\/","og_locale":"es_ES","og_type":"article","og_title":"LEGAL NOTICE - Restaurante La Manga Club","og_url":"https:\/\/elbistrolamangaclub.com\/es\/legal-notice\/","og_site_name":"Restaurante La Manga Club","article_publisher":"https:\/\/www.facebook.com\/p\/El-Bistro-Restaurante-100031217328525\/","article_modified_time":"2023-11-09T17:40:52+00:00","twitter_card":"summary_large_image","twitter_misc":{"Tiempo de lectura":"5 minutos"},"schema":{"@context":"https:\/\/schema.org","@graph":[{"@type":"WebPage","@id":"https:\/\/elbistrolamangaclub.com\/es\/legal-notice\/","url":"https:\/\/elbistrolamangaclub.com\/es\/legal-notice\/","name":"LEGAL NOTICE - Restaurante La Manga Club","isPartOf":{"@id":"https:\/\/elbistrolamangaclub.com\/es\/#website"},"datePublished":"2014-11-25T09:07:05+00:00","dateModified":"2023-11-09T17:40:52+00:00","breadcrumb":{"@id":"https:\/\/elbistrolamangaclub.com\/es\/legal-notice\/#breadcrumb"},"inLanguage":"es","potentialAction":[{"@type":"ReadAction","target":["https:\/\/elbistrolamangaclub.com\/es\/legal-notice\/"]}]},{"@type":"BreadcrumbList","@id":"https:\/\/elbistrolamangaclub.com\/es\/legal-notice\/#breadcrumb","itemListElement":[{"@type":"ListItem","position":1,"name":"Portada","item":"http:\/\/elbistrolamangaclub.com\/es\/welcome\/"},{"@type":"ListItem","position":2,"name":"LEGAL NOTICE"}]},{"@type":"WebSite","@id":"https:\/\/elbistrolamangaclub.com\/es\/#website","url":"https:\/\/elbistrolamangaclub.com\/es\/","name":"Restaurante La Manga Club","description":"El Bistro","publisher":{"@id":"https:\/\/elbistrolamangaclub.com\/es\/#organization"},"potentialAction":[{"@type":"SearchAction","target":{"@type":"EntryPoint","urlTemplate":"https:\/\/elbistrolamangaclub.com\/es\/?s={search_term_string}"},"query-input":{"@type":"PropertyValueSpecification","valueRequired":true,"valueName":"search_term_string"}}],"inLanguage":"es"},{"@type":"Organization","@id":"https:\/\/elbistrolamangaclub.com\/es\/#organization","name":"Restaurante La Manga Club","url":"https:\/\/elbistrolamangaclub.com\/es\/","logo":{"@type":"ImageObject","inLanguage":"es","@id":"https:\/\/elbistrolamangaclub.com\/es\/#\/schema\/logo\/image\/","url":"https:\/\/elbistrolamangaclub.com\/wp-content\/uploads\/2019\/07\/ElBistro-logo-black.png","contentUrl":"https:\/\/elbistrolamangaclub.com\/wp-content\/uploads\/2019\/07\/ElBistro-logo-black.png","width":396,"height":293,"caption":"Restaurante La Manga Club"},"image":{"@id":"https:\/\/elbistrolamangaclub.com\/es\/#\/schema\/logo\/image\/"},"sameAs":["https:\/\/www.facebook.com\/p\/El-Bistro-Restaurante-100031217328525\/","https:\/\/www.instagram.com\/elbistro_lamangaclub\/"]}]}},"_links":{"self":[{"href":"https:\/\/elbistrolamangaclub.com\/es\/wp-json\/wp\/v2\/pages\/564","targetHints":{"allow":["GET"]}}],"collection":[{"href":"https:\/\/elbistrolamangaclub.com\/es\/wp-json\/wp\/v2\/pages"}],"about":[{"href":"https:\/\/elbistrolamangaclub.com\/es\/wp-json\/wp\/v2\/types\/page"}],"author":[{"embeddable":true,"href":"https:\/\/elbistrolamangaclub.com\/es\/wp-json\/wp\/v2\/users\/4"}],"replies":[{"embeddable":true,"href":"https:\/\/elbistrolamangaclub.com\/es\/wp-json\/wp\/v2\/comments?post=564"}],"version-history":[{"count":1,"href":"https:\/\/elbistrolamangaclub.com\/es\/wp-json\/wp\/v2\/pages\/564\/revisions"}],"predecessor-version":[{"id":4238,"href":"https:\/\/elbistrolamangaclub.com\/es\/wp-json\/wp\/v2\/pages\/564\/revisions\/4238"}],"wp:attachment":[{"href":"https:\/\/elbistrolamangaclub.com\/es\/wp-json\/wp\/v2\/media?parent=564"}],"curies":[{"name":"wp","href":"https:\/\/api.w.org\/{rel}","templated":true}]}}