{"id":556,"date":"2014-11-25T08:21:15","date_gmt":"2014-11-25T08:21:15","guid":{"rendered":"http:\/\/elbistrolamangaclub.com\/?page_id=556"},"modified":"2026-02-03T10:33:47","modified_gmt":"2026-02-03T10:33:47","slug":"find-us","status":"publish","type":"page","link":"http:\/\/elbistrolamangaclub.com\/es\/find-us\/","title":{"rendered":"C\u00d3MO ENCONTRARNOS"},"content":{"rendered":"\n<style type=\"text\/css\" data-created_by=\"avia_inline_auto\" id=\"style-css-av-86hic-df183f946389cf92cfa298631617e9f0\">\n#top .av-special-heading.av-86hic-df183f946389cf92cfa298631617e9f0{\npadding-bottom:10px;\n}\nbody .av-special-heading.av-86hic-df183f946389cf92cfa298631617e9f0 .av-special-heading-tag .heading-char{\nfont-size:25px;\n}\n.av-special-heading.av-86hic-df183f946389cf92cfa298631617e9f0 .av-subheading{\nfont-size:15px;\n}\n<\/style>\n<div  class='av-special-heading av-86hic-df183f946389cf92cfa298631617e9f0 av-special-heading-h3  avia-builder-el-0  el_before_av_one_half  avia-builder-el-first '><h3 class='av-special-heading-tag'  itemprop=\"headline\"  >C\u00d3MO ENCONTRARNOS<\/h3><div class=\"special-heading-border\"><div class=\"special-heading-inner-border\"><\/div><\/div><\/div>\n<div  class='flex_column av-13l6r8-a9cb5d178bca714f7400334cba549f1e av_one_half  avia-builder-el-1  el_after_av_heading  el_before_av_one_half  first flex_column_div  '     ><section  class='av_textblock_section av-js7aajm1-0d1524c38cf0faa89de60d9c4ae5314c '   itemscope=\"itemscope\" itemtype=\"https:\/\/schema.org\/CreativeWork\" ><div class='avia_textblock'  itemprop=\"text\" ><p style=\"text-align: center;\"><strong>MORNINGS \/ MA\u00d1ANAS :<\/strong><\/p>\n<p style=\"text-align: center;\"><strong>10.00 &#8211; 15.00<\/strong><\/p>\n<p style=\"text-align: center;\"><strong>EVENINGS \/ TARDES :<\/strong><\/p>\n<p style=\"text-align: center;\"><strong>18:30 &#8211; 22:00<\/strong><\/p>\n<p style=\"text-align: center;\"><span style=\"color: #ff0000;\"><strong>CLOSED SUNDAY ALL DAY &amp; CLOSED MONDAY MORNINGS<\/strong><\/span><\/p>\n<p style=\"text-align: center;\"><span style=\"color: #ff0000;\"><strong>CERRADO\u00a0<\/strong><\/span><span style=\"color: #ff0000;\"><strong>LOS DOMINGOS TODO EL D\u00cdA <\/strong><\/span><\/p>\n<p style=\"text-align: center;\"><span style=\"color: #ff0000;\"><strong>Y LOS LUNES POR LAS MA\u00d1ANAS<\/strong><\/span><\/p>\n<p>Reservations:<\/p>\n<p>(+34) 621 237 267 (incld. txt &amp; Whatsapp)<\/p>\n<\/div><\/section><br \/>\n<div  class='hr av-z1y7o-280595a71b4a524971caad589a238e92 hr-default  avia-builder-el-3  el_after_av_textblock  el_before_av_textblock '><span class='hr-inner '><span class=\"hr-inner-style\"><\/span><\/span><\/div><br \/>\n<section  class='av_textblock_section av-q7lkc-ae2a65fda49f9eb4a6c1e9c211562356 '   itemscope=\"itemscope\" itemtype=\"https:\/\/schema.org\/CreativeWork\" ><div class='avia_textblock'  itemprop=\"text\" ><p><strong>EL BISTRO<\/strong> es el restaurante m\u00e1s antiguo de La Manga Club, regentado por la misma familia desde el &#8217;88. Esta localizado en una plaza libre de tr\u00e1fico, entre naranjos y jardines, en un entorno seguro con f\u00e1cil acceso. <em>\u00abNuestra familia al lado de la tuya m\u00e1s de 36 a\u00f1os\u00bb.<\/em><\/p>\n<p><strong>Nuestra ubicaci\u00f3n<\/strong> se encuentra en el coraz\u00f3n de <strong>La Manga Club<\/strong>.\u00a0 Si sigues las indicaciones hac\u00eda <strong>BELLALUZ <\/strong>nos encontrar\u00e1s.\u00a0 Si vienes desde el Hotel siga la carretera, pasando delante de la gasolinera y las oficinas de Resort Properties. <strong>BELLALUZ<\/strong> aparece a la derecha nada m\u00e1s pasarlas. Aparque tu coche en cualquiera de los parking y estamos en la Plaza Mayor, esperando darte la bienvenida<\/p>\n<h4>C\u00f3mo llegar desde el Hotel Pr\u00edncipe La Manga Club:<\/h4>\n<p><span style=\"color: #ffffff;\">.<\/span><\/p>\n<\/div><\/section><br \/>\n\n<style type=\"text\/css\" data-created_by=\"avia_inline_auto\" id=\"style-css-av-l2luc-d04f02a1f30311cdcea778aa38c61fd0\">\n.avia-image-container.av-l2luc-d04f02a1f30311cdcea778aa38c61fd0 img.avia_image{\nbox-shadow:none;\n}\n.avia-image-container.av-l2luc-d04f02a1f30311cdcea778aa38c61fd0 .av-image-caption-overlay-center{\ncolor:#ffffff;\n}\n<\/style>\n<div  class='avia-image-container av-l2luc-d04f02a1f30311cdcea778aa38c61fd0 av-styling- avia-align-center  avia-builder-el-5  el_after_av_textblock  avia-builder-el-last '   itemprop=\"image\" itemscope=\"itemscope\" itemtype=\"https:\/\/schema.org\/ImageObject\" ><div class=\"avia-image-container-inner\"><div class=\"avia-image-overlay-wrap\"><img decoding=\"async\" fetchpriority=\"high\" class='wp-image-376 avia-img-lazy-loading-not-376 avia_image ' src=\"https:\/\/elbistrolamangaclub.com\/wp-content\/uploads\/2014\/11\/Captura-de-pantalla-2013-08-06-a-las-11.26.10.png\" alt='' title='Captura-de-pantalla-2013-08-06-a-las-11.26.10'  height=\"1162\" width=\"636\"  itemprop=\"thumbnailUrl\" srcset=\"https:\/\/elbistrolamangaclub.com\/wp-content\/uploads\/2014\/11\/Captura-de-pantalla-2013-08-06-a-las-11.26.10.png 636w, https:\/\/elbistrolamangaclub.com\/wp-content\/uploads\/2014\/11\/Captura-de-pantalla-2013-08-06-a-las-11.26.10-164x300.png 164w, https:\/\/elbistrolamangaclub.com\/wp-content\/uploads\/2014\/11\/Captura-de-pantalla-2013-08-06-a-las-11.26.10-563x1030.png 563w, https:\/\/elbistrolamangaclub.com\/wp-content\/uploads\/2014\/11\/Captura-de-pantalla-2013-08-06-a-las-11.26.10-450x822.png 450w\" sizes=\"(max-width: 636px) 100vw, 636px\" \/><\/div><\/div><\/div><\/p><\/div>\n<style type=\"text\/css\" data-created_by=\"avia_inline_auto\" id=\"style-css-av-dpqck-55f7baecc0008580b1ec5f39ab63eede\">\n.flex_column.av-dpqck-55f7baecc0008580b1ec5f39ab63eede{\nborder-radius:0px 0px 0px 0px;\npadding:0px 0px 0px 0px;\n}\n<\/style>\n<div  class='flex_column av-dpqck-55f7baecc0008580b1ec5f39ab63eede av_one_half  avia-builder-el-6  el_after_av_one_half  el_before_av_one_full  flex_column_div av-zero-column-padding  '     ><\/div><\/p>\n\n<style type=\"text\/css\" data-created_by=\"avia_inline_auto\" id=\"style-css-av-akr7w-6da7071c1268ddab55a931bb37d59ed0\">\n.flex_column.av-akr7w-6da7071c1268ddab55a931bb37d59ed0{\nborder-radius:0px 0px 0px 0px;\npadding:0px 0px 0px 0px;\n}\n<\/style>\n<div  class='flex_column av-akr7w-6da7071c1268ddab55a931bb37d59ed0 av_one_full  avia-builder-el-8  el_after_av_one_half  avia-builder-el-last  first flex_column_div av-zero-column-padding  column-top-margin'     ><\/div>\n","protected":false},"excerpt":{"rendered":"","protected":false},"author":4,"featured_media":0,"parent":0,"menu_order":0,"comment_status":"closed","ping_status":"closed","template":"","meta":{"_joinchat":[],"footnotes":""},"class_list":["post-556","page","type-page","status-publish","hentry"],"yoast_head":"<!-- This site is optimized with the Yoast SEO plugin v23.6 - https:\/\/yoast.com\/wordpress\/plugins\/seo\/ -->\n<title>C\u00d3MO ENCONTRARNOS - Restaurante La Manga Club<\/title>\n<meta name=\"robots\" content=\"index, follow, max-snippet:-1, max-image-preview:large, max-video-preview:-1\" \/>\n<link rel=\"canonical\" href=\"http:\/\/elbistrolamangaclub.com\/es\/find-us\/\" \/>\n<meta property=\"og:locale\" content=\"es_ES\" \/>\n<meta property=\"og:type\" content=\"article\" \/>\n<meta property=\"og:title\" content=\"C\u00d3MO ENCONTRARNOS - Restaurante La Manga Club\" \/>\n<meta property=\"og:url\" content=\"http:\/\/elbistrolamangaclub.com\/es\/find-us\/\" \/>\n<meta property=\"og:site_name\" content=\"Restaurante La Manga Club\" \/>\n<meta property=\"article:publisher\" content=\"https:\/\/www.facebook.com\/p\/El-Bistro-Restaurante-100031217328525\/\" \/>\n<meta property=\"article:modified_time\" content=\"2026-02-03T10:33:47+00:00\" \/>\n<meta name=\"twitter:card\" content=\"summary_large_image\" \/>\n<meta name=\"twitter:label1\" content=\"Tiempo de lectura\" \/>\n\t<meta name=\"twitter:data1\" content=\"1 minuto\" \/>\n<script type=\"application\/ld+json\" class=\"yoast-schema-graph\">{\"@context\":\"https:\/\/schema.org\",\"@graph\":[{\"@type\":\"WebPage\",\"@id\":\"http:\/\/elbistrolamangaclub.com\/es\/find-us\/\",\"url\":\"http:\/\/elbistrolamangaclub.com\/es\/find-us\/\",\"name\":\"C\u00d3MO ENCONTRARNOS - Restaurante La Manga Club\",\"isPartOf\":{\"@id\":\"https:\/\/elbistrolamangaclub.com\/es\/#website\"},\"datePublished\":\"2014-11-25T08:21:15+00:00\",\"dateModified\":\"2026-02-03T10:33:47+00:00\",\"breadcrumb\":{\"@id\":\"http:\/\/elbistrolamangaclub.com\/es\/find-us\/#breadcrumb\"},\"inLanguage\":\"es\",\"potentialAction\":[{\"@type\":\"ReadAction\",\"target\":[\"http:\/\/elbistrolamangaclub.com\/es\/find-us\/\"]}]},{\"@type\":\"BreadcrumbList\",\"@id\":\"http:\/\/elbistrolamangaclub.com\/es\/find-us\/#breadcrumb\",\"itemListElement\":[{\"@type\":\"ListItem\",\"position\":1,\"name\":\"Portada\",\"item\":\"http:\/\/elbistrolamangaclub.com\/es\/welcome\/\"},{\"@type\":\"ListItem\",\"position\":2,\"name\":\"C\u00d3MO ENCONTRARNOS\"}]},{\"@type\":\"WebSite\",\"@id\":\"https:\/\/elbistrolamangaclub.com\/es\/#website\",\"url\":\"https:\/\/elbistrolamangaclub.com\/es\/\",\"name\":\"Restaurante La Manga Club\",\"description\":\"El Bistro\",\"publisher\":{\"@id\":\"https:\/\/elbistrolamangaclub.com\/es\/#organization\"},\"potentialAction\":[{\"@type\":\"SearchAction\",\"target\":{\"@type\":\"EntryPoint\",\"urlTemplate\":\"https:\/\/elbistrolamangaclub.com\/es\/?s={search_term_string}\"},\"query-input\":{\"@type\":\"PropertyValueSpecification\",\"valueRequired\":true,\"valueName\":\"search_term_string\"}}],\"inLanguage\":\"es\"},{\"@type\":\"Organization\",\"@id\":\"https:\/\/elbistrolamangaclub.com\/es\/#organization\",\"name\":\"Restaurante La Manga Club\",\"url\":\"https:\/\/elbistrolamangaclub.com\/es\/\",\"logo\":{\"@type\":\"ImageObject\",\"inLanguage\":\"es\",\"@id\":\"https:\/\/elbistrolamangaclub.com\/es\/#\/schema\/logo\/image\/\",\"url\":\"https:\/\/elbistrolamangaclub.com\/wp-content\/uploads\/2019\/07\/ElBistro-logo-black.png\",\"contentUrl\":\"https:\/\/elbistrolamangaclub.com\/wp-content\/uploads\/2019\/07\/ElBistro-logo-black.png\",\"width\":396,\"height\":293,\"caption\":\"Restaurante La Manga Club\"},\"image\":{\"@id\":\"https:\/\/elbistrolamangaclub.com\/es\/#\/schema\/logo\/image\/\"},\"sameAs\":[\"https:\/\/www.facebook.com\/p\/El-Bistro-Restaurante-100031217328525\/\",\"https:\/\/www.instagram.com\/elbistro_lamangaclub\/\"]}]}<\/script>\n<!-- \/ Yoast SEO plugin. -->","yoast_head_json":{"title":"C\u00d3MO ENCONTRARNOS - Restaurante La Manga Club","robots":{"index":"index","follow":"follow","max-snippet":"max-snippet:-1","max-image-preview":"max-image-preview:large","max-video-preview":"max-video-preview:-1"},"canonical":"http:\/\/elbistrolamangaclub.com\/es\/find-us\/","og_locale":"es_ES","og_type":"article","og_title":"C\u00d3MO ENCONTRARNOS - Restaurante La Manga Club","og_url":"http:\/\/elbistrolamangaclub.com\/es\/find-us\/","og_site_name":"Restaurante La Manga Club","article_publisher":"https:\/\/www.facebook.com\/p\/El-Bistro-Restaurante-100031217328525\/","article_modified_time":"2026-02-03T10:33:47+00:00","twitter_card":"summary_large_image","twitter_misc":{"Tiempo de lectura":"1 minuto"},"schema":{"@context":"https:\/\/schema.org","@graph":[{"@type":"WebPage","@id":"http:\/\/elbistrolamangaclub.com\/es\/find-us\/","url":"http:\/\/elbistrolamangaclub.com\/es\/find-us\/","name":"C\u00d3MO ENCONTRARNOS - Restaurante La Manga Club","isPartOf":{"@id":"https:\/\/elbistrolamangaclub.com\/es\/#website"},"datePublished":"2014-11-25T08:21:15+00:00","dateModified":"2026-02-03T10:33:47+00:00","breadcrumb":{"@id":"http:\/\/elbistrolamangaclub.com\/es\/find-us\/#breadcrumb"},"inLanguage":"es","potentialAction":[{"@type":"ReadAction","target":["http:\/\/elbistrolamangaclub.com\/es\/find-us\/"]}]},{"@type":"BreadcrumbList","@id":"http:\/\/elbistrolamangaclub.com\/es\/find-us\/#breadcrumb","itemListElement":[{"@type":"ListItem","position":1,"name":"Portada","item":"http:\/\/elbistrolamangaclub.com\/es\/welcome\/"},{"@type":"ListItem","position":2,"name":"C\u00d3MO ENCONTRARNOS"}]},{"@type":"WebSite","@id":"https:\/\/elbistrolamangaclub.com\/es\/#website","url":"https:\/\/elbistrolamangaclub.com\/es\/","name":"Restaurante La Manga Club","description":"El Bistro","publisher":{"@id":"https:\/\/elbistrolamangaclub.com\/es\/#organization"},"potentialAction":[{"@type":"SearchAction","target":{"@type":"EntryPoint","urlTemplate":"https:\/\/elbistrolamangaclub.com\/es\/?s={search_term_string}"},"query-input":{"@type":"PropertyValueSpecification","valueRequired":true,"valueName":"search_term_string"}}],"inLanguage":"es"},{"@type":"Organization","@id":"https:\/\/elbistrolamangaclub.com\/es\/#organization","name":"Restaurante La Manga Club","url":"https:\/\/elbistrolamangaclub.com\/es\/","logo":{"@type":"ImageObject","inLanguage":"es","@id":"https:\/\/elbistrolamangaclub.com\/es\/#\/schema\/logo\/image\/","url":"https:\/\/elbistrolamangaclub.com\/wp-content\/uploads\/2019\/07\/ElBistro-logo-black.png","contentUrl":"https:\/\/elbistrolamangaclub.com\/wp-content\/uploads\/2019\/07\/ElBistro-logo-black.png","width":396,"height":293,"caption":"Restaurante La Manga Club"},"image":{"@id":"https:\/\/elbistrolamangaclub.com\/es\/#\/schema\/logo\/image\/"},"sameAs":["https:\/\/www.facebook.com\/p\/El-Bistro-Restaurante-100031217328525\/","https:\/\/www.instagram.com\/elbistro_lamangaclub\/"]}]}},"_links":{"self":[{"href":"https:\/\/elbistrolamangaclub.com\/es\/wp-json\/wp\/v2\/pages\/556","targetHints":{"allow":["GET"]}}],"collection":[{"href":"https:\/\/elbistrolamangaclub.com\/es\/wp-json\/wp\/v2\/pages"}],"about":[{"href":"https:\/\/elbistrolamangaclub.com\/es\/wp-json\/wp\/v2\/types\/page"}],"author":[{"embeddable":true,"href":"https:\/\/elbistrolamangaclub.com\/es\/wp-json\/wp\/v2\/users\/4"}],"replies":[{"embeddable":true,"href":"https:\/\/elbistrolamangaclub.com\/es\/wp-json\/wp\/v2\/comments?post=556"}],"version-history":[{"count":51,"href":"https:\/\/elbistrolamangaclub.com\/es\/wp-json\/wp\/v2\/pages\/556\/revisions"}],"predecessor-version":[{"id":4747,"href":"https:\/\/elbistrolamangaclub.com\/es\/wp-json\/wp\/v2\/pages\/556\/revisions\/4747"}],"wp:attachment":[{"href":"https:\/\/elbistrolamangaclub.com\/es\/wp-json\/wp\/v2\/media?parent=556"}],"curies":[{"name":"wp","href":"https:\/\/api.w.org\/{rel}","templated":true}]}}