{"id":554,"date":"2014-11-25T09:11:57","date_gmt":"2014-11-25T09:11:57","guid":{"rendered":"http:\/\/elbistrolamangaclub.com\/?page_id=554"},"modified":"2025-10-12T17:56:05","modified_gmt":"2025-10-12T17:56:05","slug":"breakfast","status":"publish","type":"page","link":"http:\/\/elbistrolamangaclub.com\/es\/breakfast\/","title":{"rendered":"DESAYUNO"},"content":{"rendered":"\n<style type=\"text\/css\" data-created_by=\"avia_inline_auto\" id=\"style-css-av-ji7ukyf2-5dd3b01d1d6692c911d8076bcd17311b\">\n\n@media only screen and (max-width: 479px){ \n#top #wrap_all .avia-slideshow .av-slideshow-caption.av-ji7ukyf2-5dd3b01d1d6692c911d8076bcd17311b__0 .avia-caption-title{\nfont-size:10px;\n}\n}\n<\/style>\n<div  class='avia-slideshow av-ji7ukyf2-5dd3b01d1d6692c911d8076bcd17311b avia-slideshow-featured av_slideshow avia-slide-slider  avia-builder-el-0  el_before_av_one_half  avia-builder-el-first  av-slideshow-ui av-control-default av-slideshow-manual av-loop-once av-loop-manual-endless av-default-height-applied avia-slideshow-1' data-slideshow-options=\"{&quot;animation&quot;:&quot;slide&quot;,&quot;autoplay&quot;:false,&quot;loop_autoplay&quot;:&quot;once&quot;,&quot;interval&quot;:5,&quot;loop_manual&quot;:&quot;manual-endless&quot;,&quot;autoplay_stopper&quot;:false,&quot;noNavigation&quot;:false,&quot;bg_slider&quot;:false,&quot;keep_padding&quot;:false,&quot;hoverpause&quot;:false,&quot;show_slide_delay&quot;:0}\"  itemprop=\"image\" itemscope=\"itemscope\" itemtype=\"https:\/\/schema.org\/ImageObject\" ><ul class='avia-slideshow-inner ' style='padding-bottom: 28.666666666667%;'><li  class='avia-slideshow-slide av-ji7ukyf2-5dd3b01d1d6692c911d8076bcd17311b__0  av-single-slide slide-1 slide-odd'><div data-rel='slideshow-1' class='avia-slide-wrap '   ><div class='av-slideshow-caption av-ji7ukyf2-5dd3b01d1d6692c911d8076bcd17311b__0 avia-caption'><div class=\"avia-inner-caption\"><h2 class='avia-caption-title '  itemprop=\"name\" >DESAYUNO Y ALMUERZO<\/h2><\/div><\/div><img decoding=\"async\" fetchpriority=\"high\" class=\"wp-image-1409 avia-img-lazy-loading-not-1409\"  src=\"https:\/\/elbistrolamangaclub.com\/wp-content\/uploads\/2014\/11\/EGGS-1500x430.jpg\" width=\"1500\" height=\"430\" title='91894579 - breackfast : toast with bacon and fried eggs .' alt=''  itemprop=\"thumbnailUrl\"   \/><\/div><\/li><\/ul><\/div>\n<div  class='flex_column av-1ol4hm-32099efbc151679f8d7b2f1819ce8f7d av_one_half  avia-builder-el-1  el_after_av_slideshow  el_before_av_one_half  first flex_column_div  '     ><section  class='av_textblock_section av-1ihh2y-df0198d58354f4d0507f94a1676e6a1f '   itemscope=\"itemscope\" itemtype=\"https:\/\/schema.org\/CreativeWork\" ><div class='avia_textblock'  itemprop=\"text\" >\n<style type=\"text\/css\" data-created_by=\"avia_inline_auto\" id=\"style-css-av-n3e7m-20620d552efabce27a24018bd84627a0\">\n#top .av-special-heading.av-n3e7m-20620d552efabce27a24018bd84627a0{\npadding-bottom:10px;\ncolor:#dd3333;\n}\nbody .av-special-heading.av-n3e7m-20620d552efabce27a24018bd84627a0 .av-special-heading-tag .heading-char{\nfont-size:25px;\n}\n.av-special-heading.av-n3e7m-20620d552efabce27a24018bd84627a0 .special-heading-inner-border{\nborder-color:#dd3333;\n}\n.av-special-heading.av-n3e7m-20620d552efabce27a24018bd84627a0 .av-subheading{\nfont-size:15px;\n}\n<\/style>\n<div  class='av-special-heading av-n3e7m-20620d552efabce27a24018bd84627a0 av-special-heading-h2 custom-color-heading blockquote modern-quote  avia-builder-el-3  el_before_av_heading  avia-builder-el-first  av-thin-font'><h2 class='av-special-heading-tag'  itemprop=\"headline\"  ><strong>DESAYUNOS AL ESTILO INGL\u00c9S<\/strong><\/h2><div class=\"special-heading-border\"><div class=\"special-heading-inner-border\"><\/div><\/div><\/div>\n<p><strong>DESAYUNO INGL\u00c9S<\/strong> \u2014 dos huevos (fritos, revueltos o pochados),\u00a0 tomate a la plancha, champi\u00f1on salteado, dos\u00a0 tostadas de mantequilla, bacon y salchichas inglesas de cerdo<\/p>\n<p><strong>DESAYUNO INGL\u00c9S XL<\/strong> &#8211; dos huevos, tomate a la plancha, dos tostadas de mantequilla, bacon, salchichas inglesas de cerdo, alubias en tomate, champi\u00f1on salteado y hash brown de patata<\/p>\n<p><b>DESAYUNO DE VERDURAS Y REVUELTOS <\/b>(v) &#8211;<b>\u00a0<\/b>pimientos, cebolla, zanahoria, calabac\u00edn, br\u00f3coli, champi\u00f1\u00f3n y huevos-salteados y revueltos.\u00a0 Servido con aguacate y una tostada de pan r\u00fastico y germinados.\u00a0 <b><i>P\u00eddalo sin huevos para convertirlo en una opci\u00f3n vegana<\/i><\/b><\/p>\n<p><b>DESAYUNO DE AQU\u00cd <\/b>&#8211; media de tomate con aceite, jam\u00f3n, raci\u00f3n de tortilla de patata y zumo natural de naranja<\/p>\n<p><strong>EXTRAS PARA A\u00d1ADIR<\/strong> : alubias en tomate; tomate a la plancha; champi\u00f1\u00f3n salteado; extra huevo; extra bacon (2 piezas); extra salchicha (1 ud.); extra tostada con mantequilla y mermelada; patata hash brown<\/p>\n<p>=================================================<\/p>\n<p>MONTADITO DE BACON<\/p>\n<p>MONTADITO DE SALCHICHA INGLESA DE CERDO<\/p>\n<ul>\n<li>A\u00d1ADE HUEVO FRITO O POCHADO<\/li>\n<li>A\u00d1ADE BACON O SALCHICHA EXTRA<\/li>\n<\/ul>\n<p>S\u00c1NDWICH DE BACON &#8211; A\u00d1ADE UN HUEVO FRITO<\/p>\n<p>S\u00c1NDWICH DE SALCHICHA INGLESA &#8211; A\u00d1ADE UN HUEVO FRITO<\/p>\n<p>S\u00c1NDWICH ABIERTO DE DESAYUNO &#8211; rabanada de pan rustico con espinacas salteadas, bacon crujiente, queso fundido y un huevo pochado<\/p>\n<p>DOS HUEVOS FRITOS, POCHADOS O REVUELTOS (v) &#8211; con tostadas de mantequilla\u00a0 <i>(pan blanco, integral o sin gluten)<\/i><\/p>\n\n<style type=\"text\/css\" data-created_by=\"avia_inline_auto\" id=\"style-css-av-1fimmq-4b8a995706e820b0b6970088ee9f4347\">\n#top .av-special-heading.av-1fimmq-4b8a995706e820b0b6970088ee9f4347{\npadding-bottom:10px;\ncolor:#dd3333;\n}\nbody .av-special-heading.av-1fimmq-4b8a995706e820b0b6970088ee9f4347 .av-special-heading-tag .heading-char{\nfont-size:25px;\n}\n.av-special-heading.av-1fimmq-4b8a995706e820b0b6970088ee9f4347 .special-heading-inner-border{\nborder-color:#dd3333;\n}\n.av-special-heading.av-1fimmq-4b8a995706e820b0b6970088ee9f4347 .av-subheading{\nfont-size:15px;\n}\n<\/style>\n<div  class='av-special-heading av-1fimmq-4b8a995706e820b0b6970088ee9f4347 av-special-heading-h2 custom-color-heading blockquote modern-quote  avia-builder-el-4  el_after_av_heading  avia-builder-el-last  av-thin-font'><h2 class='av-special-heading-tag'  itemprop=\"headline\"  ><strong>HUEVOS AL ESTILO BENEDICT<\/strong><\/h2><div class=\"special-heading-border\"><div class=\"special-heading-inner-border\"><\/div><\/div><\/div>\n<p>HUEVOS BENEDICT CON BACON &#8211; dos huevos pochados, sobre muffin ingl\u00e9s tostado y salsa holandesa<\/p>\n<p>HUEVOS FLORENTINA (v) &#8211;<b>\u00a0<\/b>dos huevos pochados sobre muffin ingl\u00e9s tostado, salsa holandesa, aguacate y espinacas. Guarnici\u00f3n de germinados<\/p>\n<p>HUEVOS ROYAL &#8211; dos huevos pochados, sobre muffin ingl\u00e9s con salm\u00f3n ahumado y salsa holandesa<\/p>\n<p>TORTILLA FRANCESA &#8211; rellena de queso Brie y bacon. Con aguacate<\/p>\n<\/div><\/section><\/div>\n<div  class='flex_column av-1mmngm-46933209e7f2e02bb324222dc25b82a1 av_one_half  avia-builder-el-5  el_after_av_one_half  avia-builder-el-last  flex_column_div  '     ><section  class='av_textblock_section av-1esv66-d0e6c07a2e942f6c2d25df789c42fdac '   itemscope=\"itemscope\" itemtype=\"https:\/\/schema.org\/CreativeWork\" ><div class='avia_textblock'  itemprop=\"text\" >\n<style type=\"text\/css\" data-created_by=\"avia_inline_auto\" id=\"style-css-av-15aj36-55f5bea21f217cc33fbbe568ab992a39\">\n#top .av-special-heading.av-15aj36-55f5bea21f217cc33fbbe568ab992a39{\npadding-bottom:10px;\ncolor:#dd3333;\n}\nbody .av-special-heading.av-15aj36-55f5bea21f217cc33fbbe568ab992a39 .av-special-heading-tag .heading-char{\nfont-size:25px;\n}\n.av-special-heading.av-15aj36-55f5bea21f217cc33fbbe568ab992a39 .special-heading-inner-border{\nborder-color:#dd3333;\n}\n.av-special-heading.av-15aj36-55f5bea21f217cc33fbbe568ab992a39 .av-subheading{\nfont-size:15px;\n}\n<\/style>\n<div  class='av-special-heading av-15aj36-55f5bea21f217cc33fbbe568ab992a39 av-special-heading-h2 custom-color-heading blockquote modern-quote  avia-builder-el-7  el_before_av_heading  avia-builder-el-first  av-thin-font'><h2 class='av-special-heading-tag'  itemprop=\"headline\"  ><strong>OPCIONES M\u00c1S SANAS<\/strong><\/h2><div class=\"special-heading-border\"><div class=\"special-heading-inner-border\"><\/div><\/div><\/div>\n<p>ZUMO NATURAL DE NARANJA (GF) <em>(vegano)<\/em><\/p>\n<p>YOGUR GRIEGO CON MIEL (v) &#8211; con muesli <i>(pueda contener frutos secos), <\/i>pasas, nueces y miel<\/p>\n<p>YOGUR GRIEGO CON FRUTOS\u00a0 rojos (v) &#8211; muesli <i>(pueda contener frutos secos) <\/i>\u00a0y frutos rojos con su jugo<\/p>\n<p>TOSTADA DE CHAMPI\u00d1\u00d3N Y HUEVO POCHADO (v) &#8211; salteados en mantequilla con perejil, tostada de pan rustico y huevo pochado. Guarnici\u00f3n de germinados<\/p>\n<p>AGUACATE, PISTACHO Y S\u00c9SAMO <i>(vegano) <\/i>\u2014 sobre pan r\u00fastico tostado, sal en escamas y pimienta negra<\/p>\n\n<p>NAPOLITANA RELLENA DE CHOCOLATE-\u00a0 servida templada (v)<\/p>\n<p>CARACOLA DE PASAS Y NUECES &#8211; servida templada<\/p>\n<p>CROISSANT CON MANTEQUILLA Y MERMELADA &#8211; caliente o a la plancha (v)<\/p>\n<p>BOLLO DULCE DE PASAS tostado y con mantequilla y mermelada (v)<\/p>\n<p>CHURROS CON CHOCOLATE (5 piezas) (v)<\/p>\n\n<style type=\"text\/css\" data-created_by=\"avia_inline_auto\" id=\"style-css-av-15aj36-2-0df7a798b3bef38a18d32f973ec5a979\">\n#top .av-special-heading.av-15aj36-2-0df7a798b3bef38a18d32f973ec5a979{\npadding-bottom:10px;\ncolor:#dd3333;\n}\nbody .av-special-heading.av-15aj36-2-0df7a798b3bef38a18d32f973ec5a979 .av-special-heading-tag .heading-char{\nfont-size:25px;\n}\n.av-special-heading.av-15aj36-2-0df7a798b3bef38a18d32f973ec5a979 .special-heading-inner-border{\nborder-color:#dd3333;\n}\n.av-special-heading.av-15aj36-2-0df7a798b3bef38a18d32f973ec5a979 .av-subheading{\nfont-size:15px;\n}\n<\/style>\n<div  class='av-special-heading av-15aj36-2-0df7a798b3bef38a18d32f973ec5a979 av-special-heading-h2 custom-color-heading blockquote modern-quote  avia-builder-el-9  el_after_av_heading  el_before_av_heading  av-thin-font'><h2 class='av-special-heading-tag'  itemprop=\"headline\"  ><strong>NUESTRAS TOSTADAS<\/strong><\/h2><div class=\"special-heading-border\"><div class=\"special-heading-inner-border\"><\/div><\/div><\/div>\n<p>1\/2\u00a0 TOSTADA o TOSTADA ENTERA &#8211; con mantequilla y mermelada (v) o \u00a0con tomate y aceite de oliva <em>(vegano)<\/em><\/p>\n\n<style type=\"text\/css\" data-created_by=\"avia_inline_auto\" id=\"style-css-av-15aj36-1-5ccdd7950d4277079a245dbe3c3c43a3\">\n#top .av-special-heading.av-15aj36-1-5ccdd7950d4277079a245dbe3c3c43a3{\npadding-bottom:10px;\ncolor:#dd3333;\n}\nbody .av-special-heading.av-15aj36-1-5ccdd7950d4277079a245dbe3c3c43a3 .av-special-heading-tag .heading-char{\nfont-size:25px;\n}\n.av-special-heading.av-15aj36-1-5ccdd7950d4277079a245dbe3c3c43a3 .special-heading-inner-border{\nborder-color:#dd3333;\n}\n.av-special-heading.av-15aj36-1-5ccdd7950d4277079a245dbe3c3c43a3 .av-subheading{\nfont-size:15px;\n}\n<\/style>\n<div  class='av-special-heading av-15aj36-1-5ccdd7950d4277079a245dbe3c3c43a3 av-special-heading-h2 custom-color-heading blockquote modern-quote  avia-builder-el-10  el_after_av_heading  avia-builder-el-last  av-thin-font'><h2 class='av-special-heading-tag'  itemprop=\"headline\"  ><strong>TOPPINGS EXTRAS PARA SUS TOSTADAS<\/strong> <\/h2><div class=\"special-heading-border\"><div class=\"special-heading-inner-border\"><\/div><\/div><\/div>\n<p>AT\u00daN \/ QUESO\u00a0 GOUDA LONCHAS (v) \/ AGUACATE <em>(vegano) \/ <\/em>JAM\u00d3N SERRANO \/ RACI\u00d3N DE TORTILLA DE PATATA<\/p>\n<\/div><\/section><\/div>\n","protected":false},"excerpt":{"rendered":"","protected":false},"author":4,"featured_media":0,"parent":0,"menu_order":0,"comment_status":"closed","ping_status":"closed","template":"","meta":{"_joinchat":[],"footnotes":""},"class_list":["post-554","page","type-page","status-publish","hentry"],"yoast_head":"<!-- This site is optimized with the Yoast SEO plugin v23.6 - https:\/\/yoast.com\/wordpress\/plugins\/seo\/ -->\n<title>DESAYUNO - Restaurante La Manga Club<\/title>\n<meta name=\"robots\" content=\"index, follow, max-snippet:-1, max-image-preview:large, max-video-preview:-1\" \/>\n<link rel=\"canonical\" href=\"http:\/\/elbistrolamangaclub.com\/es\/breakfast\/\" \/>\n<meta property=\"og:locale\" content=\"es_ES\" \/>\n<meta property=\"og:type\" content=\"article\" \/>\n<meta property=\"og:title\" content=\"DESAYUNO - Restaurante La Manga Club\" \/>\n<meta property=\"og:url\" content=\"http:\/\/elbistrolamangaclub.com\/es\/breakfast\/\" \/>\n<meta property=\"og:site_name\" content=\"Restaurante La Manga Club\" \/>\n<meta property=\"article:publisher\" content=\"https:\/\/www.facebook.com\/p\/El-Bistro-Restaurante-100031217328525\/\" \/>\n<meta property=\"article:modified_time\" content=\"2025-10-12T17:56:05+00:00\" \/>\n<meta name=\"twitter:card\" content=\"summary_large_image\" \/>\n<meta name=\"twitter:label1\" content=\"Tiempo de lectura\" \/>\n\t<meta name=\"twitter:data1\" content=\"3 minutos\" \/>\n<script type=\"application\/ld+json\" class=\"yoast-schema-graph\">{\"@context\":\"https:\/\/schema.org\",\"@graph\":[{\"@type\":\"WebPage\",\"@id\":\"http:\/\/elbistrolamangaclub.com\/es\/breakfast\/\",\"url\":\"http:\/\/elbistrolamangaclub.com\/es\/breakfast\/\",\"name\":\"DESAYUNO - Restaurante La Manga Club\",\"isPartOf\":{\"@id\":\"https:\/\/elbistrolamangaclub.com\/es\/#website\"},\"datePublished\":\"2014-11-25T09:11:57+00:00\",\"dateModified\":\"2025-10-12T17:56:05+00:00\",\"breadcrumb\":{\"@id\":\"http:\/\/elbistrolamangaclub.com\/es\/breakfast\/#breadcrumb\"},\"inLanguage\":\"es\",\"potentialAction\":[{\"@type\":\"ReadAction\",\"target\":[\"http:\/\/elbistrolamangaclub.com\/es\/breakfast\/\"]}]},{\"@type\":\"BreadcrumbList\",\"@id\":\"http:\/\/elbistrolamangaclub.com\/es\/breakfast\/#breadcrumb\",\"itemListElement\":[{\"@type\":\"ListItem\",\"position\":1,\"name\":\"Portada\",\"item\":\"http:\/\/elbistrolamangaclub.com\/es\/welcome\/\"},{\"@type\":\"ListItem\",\"position\":2,\"name\":\"DESAYUNO\"}]},{\"@type\":\"WebSite\",\"@id\":\"https:\/\/elbistrolamangaclub.com\/es\/#website\",\"url\":\"https:\/\/elbistrolamangaclub.com\/es\/\",\"name\":\"Restaurante La Manga Club\",\"description\":\"El Bistro\",\"publisher\":{\"@id\":\"https:\/\/elbistrolamangaclub.com\/es\/#organization\"},\"potentialAction\":[{\"@type\":\"SearchAction\",\"target\":{\"@type\":\"EntryPoint\",\"urlTemplate\":\"https:\/\/elbistrolamangaclub.com\/es\/?s={search_term_string}\"},\"query-input\":{\"@type\":\"PropertyValueSpecification\",\"valueRequired\":true,\"valueName\":\"search_term_string\"}}],\"inLanguage\":\"es\"},{\"@type\":\"Organization\",\"@id\":\"https:\/\/elbistrolamangaclub.com\/es\/#organization\",\"name\":\"Restaurante La Manga Club\",\"url\":\"https:\/\/elbistrolamangaclub.com\/es\/\",\"logo\":{\"@type\":\"ImageObject\",\"inLanguage\":\"es\",\"@id\":\"https:\/\/elbistrolamangaclub.com\/es\/#\/schema\/logo\/image\/\",\"url\":\"https:\/\/elbistrolamangaclub.com\/wp-content\/uploads\/2019\/07\/ElBistro-logo-black.png\",\"contentUrl\":\"https:\/\/elbistrolamangaclub.com\/wp-content\/uploads\/2019\/07\/ElBistro-logo-black.png\",\"width\":396,\"height\":293,\"caption\":\"Restaurante La Manga Club\"},\"image\":{\"@id\":\"https:\/\/elbistrolamangaclub.com\/es\/#\/schema\/logo\/image\/\"},\"sameAs\":[\"https:\/\/www.facebook.com\/p\/El-Bistro-Restaurante-100031217328525\/\",\"https:\/\/www.instagram.com\/elbistro_lamangaclub\/\"]}]}<\/script>\n<!-- \/ Yoast SEO plugin. -->","yoast_head_json":{"title":"DESAYUNO - Restaurante La Manga Club","robots":{"index":"index","follow":"follow","max-snippet":"max-snippet:-1","max-image-preview":"max-image-preview:large","max-video-preview":"max-video-preview:-1"},"canonical":"http:\/\/elbistrolamangaclub.com\/es\/breakfast\/","og_locale":"es_ES","og_type":"article","og_title":"DESAYUNO - Restaurante La Manga Club","og_url":"http:\/\/elbistrolamangaclub.com\/es\/breakfast\/","og_site_name":"Restaurante La Manga Club","article_publisher":"https:\/\/www.facebook.com\/p\/El-Bistro-Restaurante-100031217328525\/","article_modified_time":"2025-10-12T17:56:05+00:00","twitter_card":"summary_large_image","twitter_misc":{"Tiempo de lectura":"3 minutos"},"schema":{"@context":"https:\/\/schema.org","@graph":[{"@type":"WebPage","@id":"http:\/\/elbistrolamangaclub.com\/es\/breakfast\/","url":"http:\/\/elbistrolamangaclub.com\/es\/breakfast\/","name":"DESAYUNO - Restaurante La Manga Club","isPartOf":{"@id":"https:\/\/elbistrolamangaclub.com\/es\/#website"},"datePublished":"2014-11-25T09:11:57+00:00","dateModified":"2025-10-12T17:56:05+00:00","breadcrumb":{"@id":"http:\/\/elbistrolamangaclub.com\/es\/breakfast\/#breadcrumb"},"inLanguage":"es","potentialAction":[{"@type":"ReadAction","target":["http:\/\/elbistrolamangaclub.com\/es\/breakfast\/"]}]},{"@type":"BreadcrumbList","@id":"http:\/\/elbistrolamangaclub.com\/es\/breakfast\/#breadcrumb","itemListElement":[{"@type":"ListItem","position":1,"name":"Portada","item":"http:\/\/elbistrolamangaclub.com\/es\/welcome\/"},{"@type":"ListItem","position":2,"name":"DESAYUNO"}]},{"@type":"WebSite","@id":"https:\/\/elbistrolamangaclub.com\/es\/#website","url":"https:\/\/elbistrolamangaclub.com\/es\/","name":"Restaurante La Manga Club","description":"El Bistro","publisher":{"@id":"https:\/\/elbistrolamangaclub.com\/es\/#organization"},"potentialAction":[{"@type":"SearchAction","target":{"@type":"EntryPoint","urlTemplate":"https:\/\/elbistrolamangaclub.com\/es\/?s={search_term_string}"},"query-input":{"@type":"PropertyValueSpecification","valueRequired":true,"valueName":"search_term_string"}}],"inLanguage":"es"},{"@type":"Organization","@id":"https:\/\/elbistrolamangaclub.com\/es\/#organization","name":"Restaurante La Manga Club","url":"https:\/\/elbistrolamangaclub.com\/es\/","logo":{"@type":"ImageObject","inLanguage":"es","@id":"https:\/\/elbistrolamangaclub.com\/es\/#\/schema\/logo\/image\/","url":"https:\/\/elbistrolamangaclub.com\/wp-content\/uploads\/2019\/07\/ElBistro-logo-black.png","contentUrl":"https:\/\/elbistrolamangaclub.com\/wp-content\/uploads\/2019\/07\/ElBistro-logo-black.png","width":396,"height":293,"caption":"Restaurante La Manga Club"},"image":{"@id":"https:\/\/elbistrolamangaclub.com\/es\/#\/schema\/logo\/image\/"},"sameAs":["https:\/\/www.facebook.com\/p\/El-Bistro-Restaurante-100031217328525\/","https:\/\/www.instagram.com\/elbistro_lamangaclub\/"]}]}},"_links":{"self":[{"href":"https:\/\/elbistrolamangaclub.com\/es\/wp-json\/wp\/v2\/pages\/554","targetHints":{"allow":["GET"]}}],"collection":[{"href":"https:\/\/elbistrolamangaclub.com\/es\/wp-json\/wp\/v2\/pages"}],"about":[{"href":"https:\/\/elbistrolamangaclub.com\/es\/wp-json\/wp\/v2\/types\/page"}],"author":[{"embeddable":true,"href":"https:\/\/elbistrolamangaclub.com\/es\/wp-json\/wp\/v2\/users\/4"}],"replies":[{"embeddable":true,"href":"https:\/\/elbistrolamangaclub.com\/es\/wp-json\/wp\/v2\/comments?post=554"}],"version-history":[{"count":50,"href":"https:\/\/elbistrolamangaclub.com\/es\/wp-json\/wp\/v2\/pages\/554\/revisions"}],"predecessor-version":[{"id":4713,"href":"https:\/\/elbistrolamangaclub.com\/es\/wp-json\/wp\/v2\/pages\/554\/revisions\/4713"}],"wp:attachment":[{"href":"https:\/\/elbistrolamangaclub.com\/es\/wp-json\/wp\/v2\/media?parent=554"}],"curies":[{"name":"wp","href":"https:\/\/api.w.org\/{rel}","templated":true}]}}