{"id":2373,"date":"2020-05-22T15:50:02","date_gmt":"2020-05-22T15:50:02","guid":{"rendered":"http:\/\/elbistrolamangaclub.com\/?page_id=2373"},"modified":"2023-02-06T13:06:56","modified_gmt":"2023-02-06T13:06:56","slug":"coffee-drinks-menu","status":"publish","type":"page","link":"https:\/\/elbistrolamangaclub.com\/es\/coffee-drinks-menu\/","title":{"rendered":"MEN\u00da DE CAF\u00c9 Y BEBIDAS"},"content":{"rendered":"\n<style type=\"text\/css\" data-created_by=\"avia_inline_auto\" id=\"style-css-av-14jyzh-f72fc02a6eaa45cbaf9d6c9b10f5ab0f\">\n\n@media only screen and (max-width: 479px){ \n#top #wrap_all .avia-slideshow .av-slideshow-caption.av-14jyzh-f72fc02a6eaa45cbaf9d6c9b10f5ab0f__0 .avia-caption-title{\nfont-size:10px;\n}\n}\n<\/style>\n<div  class='avia-slideshow av-14jyzh-f72fc02a6eaa45cbaf9d6c9b10f5ab0f avia-slideshow-featured av_slideshow avia-slide-slider  avia-builder-el-0  el_before_av_one_half  avia-builder-el-first  av-slideshow-ui av-control-default av-slideshow-manual av-loop-once av-loop-manual-endless av-default-height-applied avia-slideshow-1' data-slideshow-options=\"{&quot;animation&quot;:&quot;slide&quot;,&quot;autoplay&quot;:false,&quot;loop_autoplay&quot;:&quot;once&quot;,&quot;interval&quot;:5,&quot;loop_manual&quot;:&quot;manual-endless&quot;,&quot;autoplay_stopper&quot;:false,&quot;noNavigation&quot;:false,&quot;bg_slider&quot;:false,&quot;keep_padding&quot;:false,&quot;hoverpause&quot;:false,&quot;show_slide_delay&quot;:0}\"  itemprop=\"image\" itemscope=\"itemscope\" itemtype=\"https:\/\/schema.org\/ImageObject\" ><ul class='avia-slideshow-inner ' style='padding-bottom: 48.872180451128%;'><li  class='avia-slideshow-slide av-14jyzh-f72fc02a6eaa45cbaf9d6c9b10f5ab0f__0  av-single-slide slide-1 slide-odd'><div data-rel='slideshow-1' class='avia-slide-wrap '   ><div class='av-slideshow-caption av-14jyzh-f72fc02a6eaa45cbaf9d6c9b10f5ab0f__0 avia-caption'><div class=\"avia-inner-caption\"><h2 class='avia-caption-title '  itemprop=\"name\" >CAF\u00c9 &amp; BEBIDAS<\/h2><\/div><\/div><img decoding=\"async\" fetchpriority=\"high\" class=\"wp-image-2368 avia-img-lazy-loading-not-2368\"  src=\"https:\/\/elbistrolamangaclub.com\/wp-content\/uploads\/2020\/05\/001.jpg\" width=\"798\" height=\"390\" title='001' alt=''  itemprop=\"thumbnailUrl\" srcset=\"https:\/\/elbistrolamangaclub.com\/wp-content\/uploads\/2020\/05\/001.jpg 798w, https:\/\/elbistrolamangaclub.com\/wp-content\/uploads\/2020\/05\/001-300x147.jpg 300w, https:\/\/elbistrolamangaclub.com\/wp-content\/uploads\/2020\/05\/001-768x375.jpg 768w, https:\/\/elbistrolamangaclub.com\/wp-content\/uploads\/2020\/05\/001-705x345.jpg 705w, https:\/\/elbistrolamangaclub.com\/wp-content\/uploads\/2020\/05\/001-450x220.jpg 450w\" sizes=\"(max-width: 798px) 100vw, 798px\" \/><\/div><\/li><\/ul><\/div>\n<div  class='flex_column av-1mmngm-6251b4298270934baeb639a2440e4822 av_one_half  avia-builder-el-1  el_after_av_slideshow  el_before_av_one_half  first flex_column_div  '     ><section  class='av_textblock_section av-1esv66-525a0e32ce76af5fdc5dd869b40f9f50 '   itemscope=\"itemscope\" itemtype=\"https:\/\/schema.org\/CreativeWork\" ><div class='avia_textblock'  itemprop=\"text\" >\n<style type=\"text\/css\" data-created_by=\"avia_inline_auto\" id=\"style-css-av-19q1dq-bdef1e18ef7b2356b6f785fbdf57afd8\">\n#top .av-special-heading.av-19q1dq-bdef1e18ef7b2356b6f785fbdf57afd8{\npadding-bottom:10px;\ncolor:#dd3333;\n}\nbody .av-special-heading.av-19q1dq-bdef1e18ef7b2356b6f785fbdf57afd8 .av-special-heading-tag .heading-char{\nfont-size:25px;\n}\n.av-special-heading.av-19q1dq-bdef1e18ef7b2356b6f785fbdf57afd8 .special-heading-inner-border{\nborder-color:#dd3333;\n}\n.av-special-heading.av-19q1dq-bdef1e18ef7b2356b6f785fbdf57afd8 .av-subheading{\nfont-size:15px;\n}\n<\/style>\n<div  class='av-special-heading av-19q1dq-bdef1e18ef7b2356b6f785fbdf57afd8 av-special-heading-h2 custom-color-heading blockquote modern-quote  avia-builder-el-3  el_before_av_heading  avia-builder-el-first  av-thin-font'><h2 class='av-special-heading-tag'  itemprop=\"headline\"  ><strong>CAF\u00c9<\/strong><\/h2><div class=\"special-heading-border\"><div class=\"special-heading-inner-border\"><\/div><\/div><\/div>\n<p>Espresso, Cortado, Machiatto<\/p>\n<p>Americano<\/p>\n<p>Americano con leche<\/p>\n<p>Con leche<\/p>\n<p>Con leche XL<\/p>\n<p>Cappuccino<\/p>\n<p>Mokaccino<\/p>\n<p>Babyccino<\/p>\n<p>Chocolate caliente<\/p>\n<p>Chocolate espeso<\/p>\n\n<style type=\"text\/css\" data-created_by=\"avia_inline_auto\" id=\"style-css-av-19q1dq-d32274ba7f024d14312124bc14678420\">\n#top .av-special-heading.av-19q1dq-d32274ba7f024d14312124bc14678420{\npadding-bottom:10px;\ncolor:#dd3333;\n}\nbody .av-special-heading.av-19q1dq-d32274ba7f024d14312124bc14678420 .av-special-heading-tag .heading-char{\nfont-size:25px;\n}\n.av-special-heading.av-19q1dq-d32274ba7f024d14312124bc14678420 .special-heading-inner-border{\nborder-color:#dd3333;\n}\n.av-special-heading.av-19q1dq-d32274ba7f024d14312124bc14678420 .av-subheading{\nfont-size:15px;\n}\n<\/style>\n<div  class='av-special-heading av-19q1dq-d32274ba7f024d14312124bc14678420 av-special-heading-h2 custom-color-heading blockquote modern-quote  avia-builder-el-4  el_after_av_heading  el_before_av_heading  av-thin-font'><h2 class='av-special-heading-tag'  itemprop=\"headline\"  ><strong>CAF\u00c9S ESPECIALES<\/strong><\/h2><div class=\"special-heading-border\"><div class=\"special-heading-inner-border\"><\/div><\/div><\/div>\n<p>Mokaccino XL<\/p>\n<p>Cappuccino XL<\/p>\n<p>Latte con sirope de Asiatico<\/p>\n<p>Latte con sirope de caramelo<\/p>\n<p>Frappuccino helado de Caf\u00e9<\/p>\n\n<style type=\"text\/css\" data-created_by=\"avia_inline_auto\" id=\"style-css-av-19q1dq-2bc29db7ef69f648dcdaf8f6e822bd25\">\n#top .av-special-heading.av-19q1dq-2bc29db7ef69f648dcdaf8f6e822bd25{\npadding-bottom:10px;\ncolor:#dd3333;\n}\nbody .av-special-heading.av-19q1dq-2bc29db7ef69f648dcdaf8f6e822bd25 .av-special-heading-tag .heading-char{\nfont-size:25px;\n}\n.av-special-heading.av-19q1dq-2bc29db7ef69f648dcdaf8f6e822bd25 .special-heading-inner-border{\nborder-color:#dd3333;\n}\n.av-special-heading.av-19q1dq-2bc29db7ef69f648dcdaf8f6e822bd25 .av-subheading{\nfont-size:15px;\n}\n<\/style>\n<div  class='av-special-heading av-19q1dq-2bc29db7ef69f648dcdaf8f6e822bd25 av-special-heading-h2 custom-color-heading blockquote modern-quote  avia-builder-el-5  el_after_av_heading  el_before_av_heading  av-thin-font'><h2 class='av-special-heading-tag'  itemprop=\"headline\"  ><strong>CAF\u00c9S CON LICOR<\/strong><\/h2><div class=\"special-heading-border\"><div class=\"special-heading-inner-border\"><\/div><\/div><\/div>\n<p>BELMONTE<\/p>\n<p>CARAJILLO<\/p>\n<p>ASIATICO<\/p>\n<p>IRLAND\u00c9S &#8211; caf\u00e9 solo, whisky con az\u00facar moreno y nata montada<\/p>\n<p>CALYPSO &#8211; caf\u00e9 solo, Tia Maria, az\u00facar moreno y nata montada<\/p>\n<p>FRAPPUCCINO DE CAF\u00c9 CON BAILEYS &#8211; caf\u00e9 helado Frapuchino con licor de Baileys<\/p>\n\n<style type=\"text\/css\" data-created_by=\"avia_inline_auto\" id=\"style-css-av-19q1dq-781a867a55454cdc1604043beeae04b9\">\n#top .av-special-heading.av-19q1dq-781a867a55454cdc1604043beeae04b9{\npadding-bottom:10px;\ncolor:#dd3333;\n}\nbody .av-special-heading.av-19q1dq-781a867a55454cdc1604043beeae04b9 .av-special-heading-tag .heading-char{\nfont-size:25px;\n}\n.av-special-heading.av-19q1dq-781a867a55454cdc1604043beeae04b9 .special-heading-inner-border{\nborder-color:#dd3333;\n}\n.av-special-heading.av-19q1dq-781a867a55454cdc1604043beeae04b9 .av-subheading{\nfont-size:15px;\n}\n<\/style>\n<div  class='av-special-heading av-19q1dq-781a867a55454cdc1604043beeae04b9 av-special-heading-h2 custom-color-heading blockquote modern-quote  avia-builder-el-6  el_after_av_heading  el_before_av_heading  av-thin-font'><h2 class='av-special-heading-tag'  itemprop=\"headline\"  ><strong>T\u00c9S<\/strong><\/h2><div class=\"special-heading-border\"><div class=\"special-heading-inner-border\"><\/div><\/div><\/div>\n<p>T\u00e9 Ingl\u00e9s<\/p>\n<p>T\u00e9 Earl Grey Tea<\/p>\n<p>Manzanilla<\/p>\n<p>T\u00e9 Verde<\/p>\n<p>Menta Poleo<\/p>\n\n<style type=\"text\/css\" data-created_by=\"avia_inline_auto\" id=\"style-css-av-19q1dq-2d3ed9f8ad3ed2d3cf940f9177d77cc1\">\n#top .av-special-heading.av-19q1dq-2d3ed9f8ad3ed2d3cf940f9177d77cc1{\npadding-bottom:10px;\ncolor:#dd3333;\n}\nbody .av-special-heading.av-19q1dq-2d3ed9f8ad3ed2d3cf940f9177d77cc1 .av-special-heading-tag .heading-char{\nfont-size:25px;\n}\n.av-special-heading.av-19q1dq-2d3ed9f8ad3ed2d3cf940f9177d77cc1 .special-heading-inner-border{\nborder-color:#dd3333;\n}\n.av-special-heading.av-19q1dq-2d3ed9f8ad3ed2d3cf940f9177d77cc1 .av-subheading{\nfont-size:15px;\n}\n<\/style>\n<div  class='av-special-heading av-19q1dq-2d3ed9f8ad3ed2d3cf940f9177d77cc1 av-special-heading-h2 custom-color-heading blockquote modern-quote  avia-builder-el-7  el_after_av_heading  avia-builder-el-last  av-thin-font'><h2 class='av-special-heading-tag'  itemprop=\"headline\"  ><strong>BATIDOS<\/strong><\/h2><div class=\"special-heading-border\"><div class=\"special-heading-inner-border\"><\/div><\/div><\/div>\n<p>Batido de Vainilla<\/p>\n<p>Batido de Chocolate<\/p>\n<p>Batido de Fresa<\/p>\n<\/div><\/section><\/div>\n\n<style type=\"text\/css\" data-created_by=\"avia_inline_auto\" id=\"style-css-av-tl0pq-aabad346ee602f34b01d138e677961bd\">\n.flex_column.av-tl0pq-aabad346ee602f34b01d138e677961bd{\nborder-radius:0px 0px 0px 0px;\npadding:0px 0px 0px 0px;\n}\n<\/style>\n<div  class='flex_column av-tl0pq-aabad346ee602f34b01d138e677961bd av_one_half  avia-builder-el-8  el_after_av_one_half  avia-builder-el-last  flex_column_div av-zero-column-padding  '     ><section  class='av_textblock_section av-ncycu-1abbe0daab3808d27dbc0f1d940c0a59 '   itemscope=\"itemscope\" itemtype=\"https:\/\/schema.org\/CreativeWork\" ><div class='avia_textblock'  itemprop=\"text\" >\n<style type=\"text\/css\" data-created_by=\"avia_inline_auto\" id=\"style-css-av-19q1dq-4030e8c29283183d76bdaab0dc7f6f29\">\n#top .av-special-heading.av-19q1dq-4030e8c29283183d76bdaab0dc7f6f29{\npadding-bottom:10px;\ncolor:#dd3333;\n}\nbody .av-special-heading.av-19q1dq-4030e8c29283183d76bdaab0dc7f6f29 .av-special-heading-tag .heading-char{\nfont-size:25px;\n}\n.av-special-heading.av-19q1dq-4030e8c29283183d76bdaab0dc7f6f29 .special-heading-inner-border{\nborder-color:#dd3333;\n}\n.av-special-heading.av-19q1dq-4030e8c29283183d76bdaab0dc7f6f29 .av-subheading{\nfont-size:15px;\n}\n<\/style>\n<div  class='av-special-heading av-19q1dq-4030e8c29283183d76bdaab0dc7f6f29 av-special-heading-h2 custom-color-heading blockquote modern-quote  avia-builder-el-10  el_before_av_heading  avia-builder-el-first  av-thin-font'><h2 class='av-special-heading-tag'  itemprop=\"headline\"  ><strong>BEBIDAS FRIAS<\/strong><\/h2><div class=\"special-heading-border\"><div class=\"special-heading-inner-border\"><\/div><\/div><\/div>\n<p>Sin gas 1\/2 ltr<\/p>\n<p>Sin gas 1 ltr<\/p>\n<p>Con gas 1\/2 ltr<\/p>\n<p>Fanta Lemon, Orange, Coke, Coke Light, 7-UP, Tonic, Nestea<\/p>\n<p>Zumos de bote<\/p>\n<p>Zumo natural recien exprimido<\/p>\n\n<style type=\"text\/css\" data-created_by=\"avia_inline_auto\" id=\"style-css-av-19q1dq-053b6be8412a9fabfb2e03b6c768c4b1\">\n#top .av-special-heading.av-19q1dq-053b6be8412a9fabfb2e03b6c768c4b1{\npadding-bottom:10px;\ncolor:#dd3333;\n}\nbody .av-special-heading.av-19q1dq-053b6be8412a9fabfb2e03b6c768c4b1 .av-special-heading-tag .heading-char{\nfont-size:25px;\n}\n.av-special-heading.av-19q1dq-053b6be8412a9fabfb2e03b6c768c4b1 .special-heading-inner-border{\nborder-color:#dd3333;\n}\n.av-special-heading.av-19q1dq-053b6be8412a9fabfb2e03b6c768c4b1 .av-subheading{\nfont-size:15px;\n}\n<\/style>\n<div  class='av-special-heading av-19q1dq-053b6be8412a9fabfb2e03b6c768c4b1 av-special-heading-h2 custom-color-heading blockquote modern-quote  avia-builder-el-11  el_after_av_heading  el_before_av_heading  av-thin-font'><h2 class='av-special-heading-tag'  itemprop=\"headline\"  ><strong>CERVEZAS Y SIDRAS<\/strong><\/h2><div class=\"special-heading-border\"><div class=\"special-heading-inner-border\"><\/div><\/div><\/div>\n<p>Tercio Alhambra\/Tercio sin alcohol<\/p>\n<p>Botella cerveza sin gluten<\/p>\n<p>Ca\u00f1ita<\/p>\n<p>Ca\u00f1a<\/p>\n<p>Cerveza grande<\/p>\n<p>Bote Sidra Strongbow<\/p>\n<p>Botella Sidra Magner<\/p>\n\n<style type=\"text\/css\" data-created_by=\"avia_inline_auto\" id=\"style-css-av-19q1dq-d810227c1434ffb7d7516f1cfcf38905\">\n#top .av-special-heading.av-19q1dq-d810227c1434ffb7d7516f1cfcf38905{\npadding-bottom:10px;\ncolor:#dd3333;\n}\nbody .av-special-heading.av-19q1dq-d810227c1434ffb7d7516f1cfcf38905 .av-special-heading-tag .heading-char{\nfont-size:25px;\n}\n.av-special-heading.av-19q1dq-d810227c1434ffb7d7516f1cfcf38905 .special-heading-inner-border{\nborder-color:#dd3333;\n}\n.av-special-heading.av-19q1dq-d810227c1434ffb7d7516f1cfcf38905 .av-subheading{\nfont-size:15px;\n}\n<\/style>\n<div  class='av-special-heading av-19q1dq-d810227c1434ffb7d7516f1cfcf38905 av-special-heading-h2 custom-color-heading blockquote modern-quote  avia-builder-el-12  el_after_av_heading  el_before_av_heading  av-thin-font'><h2 class='av-special-heading-tag'  itemprop=\"headline\"  ><strong>VINO Y SANGR\u00cdA<\/strong><\/h2><div class=\"special-heading-border\"><div class=\"special-heading-inner-border\"><\/div><\/div><\/div>\n<p>Copa vino de casa<\/p>\n<p>Botella vino de la casa<\/p>\n<p>Copa o Jarra de Sangr\u00eda<\/p>\n<p>Copa o Jarra de Tinto de Verano<\/p>\n<p>Spritzer de vino blanco<\/p>\n<p>Benjam\u00edn de Cava<\/p>\n\n<style type=\"text\/css\" data-created_by=\"avia_inline_auto\" id=\"style-css-av-19q1dq-45d12b0b38e0edb2749dc90dc4ad7c60\">\n#top .av-special-heading.av-19q1dq-45d12b0b38e0edb2749dc90dc4ad7c60{\npadding-bottom:10px;\ncolor:#dd3333;\n}\nbody .av-special-heading.av-19q1dq-45d12b0b38e0edb2749dc90dc4ad7c60 .av-special-heading-tag .heading-char{\nfont-size:25px;\n}\n.av-special-heading.av-19q1dq-45d12b0b38e0edb2749dc90dc4ad7c60 .special-heading-inner-border{\nborder-color:#dd3333;\n}\n.av-special-heading.av-19q1dq-45d12b0b38e0edb2749dc90dc4ad7c60 .av-subheading{\nfont-size:15px;\n}\n<\/style>\n<div  class='av-special-heading av-19q1dq-45d12b0b38e0edb2749dc90dc4ad7c60 av-special-heading-h2 custom-color-heading blockquote modern-quote  avia-builder-el-13  el_after_av_heading  avia-builder-el-last  av-thin-font'><h2 class='av-special-heading-tag'  itemprop=\"headline\"  ><strong>APERITIVOS Y LICORES<\/strong><\/h2><div class=\"special-heading-border\"><div class=\"special-heading-inner-border\"><\/div><\/div><\/div>\n<p><b>APEROL SPRITZ &#8211; <\/b><i>Aperol, cava, agua con gas y trozo de naranja<\/i><\/p>\n<p><b>CAVA COCKTAIL &#8211; <\/b>Cava, vermut seco, vodka, zumo natural, hielo y naranja<\/p>\n<p><b>GIN PREMIUM Y OTRAS COSAS\u00a0 \u00a0 \u00a0 \u00a0<\/b><\/p>\n<p><b>Larios, Beefeater, Gordons, Bombay, Seagram &amp; mixer\u00a0 \u00a0\u00a0<\/b><\/p>\n<p><b>Pink Gin &amp; mixer\u00a0 \u00a0 \u00a0 \u00a0 \u00a0 \u00a0 \u00a0 \u00a0 \u00a0<\/b><\/p>\n<p><b>Nordes Altantic Galician Gin +&amp; mixer\u00a0 \u00a0 \u00a0 \u00a0\u00a0<\/b><\/p>\n<p><b>Tanqueray N\u00ba. 10 &amp; mixer\u00a0 \u00a0 \u00a0 \u00a0 \u00a0\u00a0<\/b><\/p>\n<p><b>Brockmans &amp; mixer\u00a0 \u00a0 \u00a0 \u00a0 \u00a0 \u00a0\u00a0<\/b><\/p>\n<p><b>Gin Mare &amp; mixer\u00a0 \u00a0 \u00a0 \u00a0 \u00a0 \u00a0 \u00a0\u00a0<\/b><\/p>\n<p><b>Monkey 47 &amp; mixer\u00a0 \u00a0 \u00a0 \u00a0 \u00a0 \u00a0\u00a0<\/b><\/p>\n<p><b>Absolut, Smirnoff &amp; mixer\u00a0 \u00a0<\/b><\/p>\n<p><b>Barcardi &amp; mixer<\/b><\/p>\n<p><b>Southern Comfort, JD + mixer\u00a0 \u00a0 \u00a0 \u00a0 \u00a0 \u00a0\u00a0<\/b><\/p>\n<p><b>Grey Goose Vodka &amp; mixer\u00a0 \u00a0 \u00a0 \u00a0 \u00a0<\/b><\/p>\n<p><b>Glenfiddich\u00a0 Whisky\u00a0 \u00a0 \u00a0 \u00a0 \u00a0 \u00a0 \u00a0\u00a0<\/b><\/p>\n<p><b>The Chita Single Grain Japanese Whisky\u00a0 \u00a0 \u00a0\u00a0<\/b><\/p>\n<p><b>Ron Zacapa &amp; mixer <\/b><\/p>\n<p><b>Selecci\u00f3n de Brandies<\/b><\/p>\n<\/div><\/section><\/div>\n","protected":false},"excerpt":{"rendered":"","protected":false},"author":4,"featured_media":0,"parent":0,"menu_order":0,"comment_status":"closed","ping_status":"closed","template":"","meta":{"_joinchat":[],"footnotes":""},"class_list":["post-2373","page","type-page","status-publish","hentry"],"yoast_head":"<!-- This site is optimized with the Yoast SEO plugin v23.6 - https:\/\/yoast.com\/wordpress\/plugins\/seo\/ -->\n<title>MEN\u00da DE CAF\u00c9 Y BEBIDAS - Restaurante La Manga Club<\/title>\n<meta name=\"robots\" content=\"index, follow, max-snippet:-1, max-image-preview:large, max-video-preview:-1\" \/>\n<link rel=\"canonical\" href=\"https:\/\/elbistrolamangaclub.com\/es\/coffee-drinks-menu\/\" \/>\n<meta property=\"og:locale\" content=\"es_ES\" \/>\n<meta property=\"og:type\" content=\"article\" \/>\n<meta property=\"og:title\" content=\"MEN\u00da DE CAF\u00c9 Y BEBIDAS - Restaurante La Manga Club\" \/>\n<meta property=\"og:url\" content=\"https:\/\/elbistrolamangaclub.com\/es\/coffee-drinks-menu\/\" \/>\n<meta property=\"og:site_name\" content=\"Restaurante La Manga Club\" \/>\n<meta property=\"article:publisher\" content=\"https:\/\/www.facebook.com\/p\/El-Bistro-Restaurante-100031217328525\/\" \/>\n<meta property=\"article:modified_time\" content=\"2023-02-06T13:06:56+00:00\" \/>\n<meta name=\"twitter:card\" content=\"summary_large_image\" \/>\n<meta name=\"twitter:label1\" content=\"Tiempo de lectura\" \/>\n\t<meta name=\"twitter:data1\" content=\"4 minutos\" \/>\n<script type=\"application\/ld+json\" class=\"yoast-schema-graph\">{\"@context\":\"https:\/\/schema.org\",\"@graph\":[{\"@type\":\"WebPage\",\"@id\":\"https:\/\/elbistrolamangaclub.com\/es\/coffee-drinks-menu\/\",\"url\":\"https:\/\/elbistrolamangaclub.com\/es\/coffee-drinks-menu\/\",\"name\":\"MEN\u00da DE CAF\u00c9 Y BEBIDAS - Restaurante La Manga Club\",\"isPartOf\":{\"@id\":\"https:\/\/elbistrolamangaclub.com\/es\/#website\"},\"datePublished\":\"2020-05-22T15:50:02+00:00\",\"dateModified\":\"2023-02-06T13:06:56+00:00\",\"breadcrumb\":{\"@id\":\"https:\/\/elbistrolamangaclub.com\/es\/coffee-drinks-menu\/#breadcrumb\"},\"inLanguage\":\"es\",\"potentialAction\":[{\"@type\":\"ReadAction\",\"target\":[\"https:\/\/elbistrolamangaclub.com\/es\/coffee-drinks-menu\/\"]}]},{\"@type\":\"BreadcrumbList\",\"@id\":\"https:\/\/elbistrolamangaclub.com\/es\/coffee-drinks-menu\/#breadcrumb\",\"itemListElement\":[{\"@type\":\"ListItem\",\"position\":1,\"name\":\"Portada\",\"item\":\"http:\/\/elbistrolamangaclub.com\/es\/welcome\/\"},{\"@type\":\"ListItem\",\"position\":2,\"name\":\"MEN\u00da DE CAF\u00c9 Y BEBIDAS\"}]},{\"@type\":\"WebSite\",\"@id\":\"https:\/\/elbistrolamangaclub.com\/es\/#website\",\"url\":\"https:\/\/elbistrolamangaclub.com\/es\/\",\"name\":\"Restaurante La Manga Club\",\"description\":\"El Bistro\",\"publisher\":{\"@id\":\"https:\/\/elbistrolamangaclub.com\/es\/#organization\"},\"potentialAction\":[{\"@type\":\"SearchAction\",\"target\":{\"@type\":\"EntryPoint\",\"urlTemplate\":\"https:\/\/elbistrolamangaclub.com\/es\/?s={search_term_string}\"},\"query-input\":{\"@type\":\"PropertyValueSpecification\",\"valueRequired\":true,\"valueName\":\"search_term_string\"}}],\"inLanguage\":\"es\"},{\"@type\":\"Organization\",\"@id\":\"https:\/\/elbistrolamangaclub.com\/es\/#organization\",\"name\":\"Restaurante La Manga Club\",\"url\":\"https:\/\/elbistrolamangaclub.com\/es\/\",\"logo\":{\"@type\":\"ImageObject\",\"inLanguage\":\"es\",\"@id\":\"https:\/\/elbistrolamangaclub.com\/es\/#\/schema\/logo\/image\/\",\"url\":\"https:\/\/elbistrolamangaclub.com\/wp-content\/uploads\/2019\/07\/ElBistro-logo-black.png\",\"contentUrl\":\"https:\/\/elbistrolamangaclub.com\/wp-content\/uploads\/2019\/07\/ElBistro-logo-black.png\",\"width\":396,\"height\":293,\"caption\":\"Restaurante La Manga Club\"},\"image\":{\"@id\":\"https:\/\/elbistrolamangaclub.com\/es\/#\/schema\/logo\/image\/\"},\"sameAs\":[\"https:\/\/www.facebook.com\/p\/El-Bistro-Restaurante-100031217328525\/\",\"https:\/\/www.instagram.com\/elbistro_lamangaclub\/\"]}]}<\/script>\n<!-- \/ Yoast SEO plugin. -->","yoast_head_json":{"title":"MEN\u00da DE CAF\u00c9 Y BEBIDAS - Restaurante La Manga Club","robots":{"index":"index","follow":"follow","max-snippet":"max-snippet:-1","max-image-preview":"max-image-preview:large","max-video-preview":"max-video-preview:-1"},"canonical":"https:\/\/elbistrolamangaclub.com\/es\/coffee-drinks-menu\/","og_locale":"es_ES","og_type":"article","og_title":"MEN\u00da DE CAF\u00c9 Y BEBIDAS - Restaurante La Manga Club","og_url":"https:\/\/elbistrolamangaclub.com\/es\/coffee-drinks-menu\/","og_site_name":"Restaurante La Manga Club","article_publisher":"https:\/\/www.facebook.com\/p\/El-Bistro-Restaurante-100031217328525\/","article_modified_time":"2023-02-06T13:06:56+00:00","twitter_card":"summary_large_image","twitter_misc":{"Tiempo de lectura":"4 minutos"},"schema":{"@context":"https:\/\/schema.org","@graph":[{"@type":"WebPage","@id":"https:\/\/elbistrolamangaclub.com\/es\/coffee-drinks-menu\/","url":"https:\/\/elbistrolamangaclub.com\/es\/coffee-drinks-menu\/","name":"MEN\u00da DE CAF\u00c9 Y BEBIDAS - Restaurante La Manga Club","isPartOf":{"@id":"https:\/\/elbistrolamangaclub.com\/es\/#website"},"datePublished":"2020-05-22T15:50:02+00:00","dateModified":"2023-02-06T13:06:56+00:00","breadcrumb":{"@id":"https:\/\/elbistrolamangaclub.com\/es\/coffee-drinks-menu\/#breadcrumb"},"inLanguage":"es","potentialAction":[{"@type":"ReadAction","target":["https:\/\/elbistrolamangaclub.com\/es\/coffee-drinks-menu\/"]}]},{"@type":"BreadcrumbList","@id":"https:\/\/elbistrolamangaclub.com\/es\/coffee-drinks-menu\/#breadcrumb","itemListElement":[{"@type":"ListItem","position":1,"name":"Portada","item":"http:\/\/elbistrolamangaclub.com\/es\/welcome\/"},{"@type":"ListItem","position":2,"name":"MEN\u00da DE CAF\u00c9 Y BEBIDAS"}]},{"@type":"WebSite","@id":"https:\/\/elbistrolamangaclub.com\/es\/#website","url":"https:\/\/elbistrolamangaclub.com\/es\/","name":"Restaurante La Manga Club","description":"El Bistro","publisher":{"@id":"https:\/\/elbistrolamangaclub.com\/es\/#organization"},"potentialAction":[{"@type":"SearchAction","target":{"@type":"EntryPoint","urlTemplate":"https:\/\/elbistrolamangaclub.com\/es\/?s={search_term_string}"},"query-input":{"@type":"PropertyValueSpecification","valueRequired":true,"valueName":"search_term_string"}}],"inLanguage":"es"},{"@type":"Organization","@id":"https:\/\/elbistrolamangaclub.com\/es\/#organization","name":"Restaurante La Manga Club","url":"https:\/\/elbistrolamangaclub.com\/es\/","logo":{"@type":"ImageObject","inLanguage":"es","@id":"https:\/\/elbistrolamangaclub.com\/es\/#\/schema\/logo\/image\/","url":"https:\/\/elbistrolamangaclub.com\/wp-content\/uploads\/2019\/07\/ElBistro-logo-black.png","contentUrl":"https:\/\/elbistrolamangaclub.com\/wp-content\/uploads\/2019\/07\/ElBistro-logo-black.png","width":396,"height":293,"caption":"Restaurante La Manga Club"},"image":{"@id":"https:\/\/elbistrolamangaclub.com\/es\/#\/schema\/logo\/image\/"},"sameAs":["https:\/\/www.facebook.com\/p\/El-Bistro-Restaurante-100031217328525\/","https:\/\/www.instagram.com\/elbistro_lamangaclub\/"]}]}},"_links":{"self":[{"href":"https:\/\/elbistrolamangaclub.com\/es\/wp-json\/wp\/v2\/pages\/2373","targetHints":{"allow":["GET"]}}],"collection":[{"href":"https:\/\/elbistrolamangaclub.com\/es\/wp-json\/wp\/v2\/pages"}],"about":[{"href":"https:\/\/elbistrolamangaclub.com\/es\/wp-json\/wp\/v2\/types\/page"}],"author":[{"embeddable":true,"href":"https:\/\/elbistrolamangaclub.com\/es\/wp-json\/wp\/v2\/users\/4"}],"replies":[{"embeddable":true,"href":"https:\/\/elbistrolamangaclub.com\/es\/wp-json\/wp\/v2\/comments?post=2373"}],"version-history":[{"count":21,"href":"https:\/\/elbistrolamangaclub.com\/es\/wp-json\/wp\/v2\/pages\/2373\/revisions"}],"predecessor-version":[{"id":3958,"href":"https:\/\/elbistrolamangaclub.com\/es\/wp-json\/wp\/v2\/pages\/2373\/revisions\/3958"}],"wp:attachment":[{"href":"https:\/\/elbistrolamangaclub.com\/es\/wp-json\/wp\/v2\/media?parent=2373"}],"curies":[{"name":"wp","href":"https:\/\/api.w.org\/{rel}","templated":true}]}}