{"id":2195,"date":"2020-02-28T00:17:26","date_gmt":"2020-02-28T00:17:26","guid":{"rendered":"http:\/\/elbistrolamangaclub.com\/?page_id=2195"},"modified":"2021-05-16T15:46:12","modified_gmt":"2021-05-16T15:46:12","slug":"alergias","status":"publish","type":"page","link":"https:\/\/elbistrolamangaclub.com\/es\/alergias\/","title":{"rendered":"ALERGIAS"},"content":{"rendered":"<section  class='av_textblock_section av-k75fb6q4-e323e1dbafc5b3fc5325e5734ae7009c '   itemscope=\"itemscope\" itemtype=\"https:\/\/schema.org\/CreativeWork\" ><div class='avia_textblock'  itemprop=\"text\" ><section  class='av_textblock_section av-48mawj-0ec0111d74685a1f55c472523d9f8149 '   itemscope=\"itemscope\" itemtype=\"https:\/\/schema.org\/CreativeWork\" ><div class='avia_textblock'  itemprop=\"text\" ><\/div><\/section>\n<h1>AL\u00c9RGENOS, INTOLERANCIAS Y SU DIETA<\/h1>\n<\/div><\/section>\n\n<style type=\"text\/css\" data-created_by=\"avia_inline_auto\" id=\"style-css-av-4wmaar-f3d6772a8e3ba41f29968d645abba8b5\">\n#top .hr.hr-invisible.av-4wmaar-f3d6772a8e3ba41f29968d645abba8b5{\nheight:20px;\n}\n<\/style>\n<div  class='hr av-4wmaar-f3d6772a8e3ba41f29968d645abba8b5 hr-invisible  avia-builder-el-2  el_after_av_textblock  el_before_av_textblock '><span class='hr-inner '><span class=\"hr-inner-style\"><\/span><\/span><\/div>\n<section  class='av_textblock_section av-37h2gz-8597a9afd9713b43e4bd24a8c205ca0a '   itemscope=\"itemscope\" itemtype=\"https:\/\/schema.org\/CreativeWork\" ><div class='avia_textblock'  itemprop=\"text\" ><h3>\u00bfTienes alergia alimentaria?<\/h3>\n<\/div><\/section>\n\n<style type=\"text\/css\" data-created_by=\"avia_inline_auto\" id=\"style-css-av-22aik3-94af78612ce1924884b45dc01b3df3dd\">\n#top .hr.hr-invisible.av-22aik3-94af78612ce1924884b45dc01b3df3dd{\nheight:20px;\n}\n<\/style>\n<div  class='hr av-22aik3-94af78612ce1924884b45dc01b3df3dd hr-invisible  avia-builder-el-4  el_after_av_textblock  el_before_av_textblock '><span class='hr-inner '><span class=\"hr-inner-style\"><\/span><\/span><\/div>\n<section  class='av_textblock_section av-k75fh5h4-f20cdd68304ccb0eef7f5c3eb712be1b '   itemscope=\"itemscope\" itemtype=\"https:\/\/schema.org\/CreativeWork\" ><div class='avia_textblock'  itemprop=\"text\" ><p>Si Ud. tiene alergia o intolerancia alimentaria, aseg\u00farese de informarnos antes de pedir su comida, incluso si ya ha comido el plato anteriormente en nuestras instalaciones. Algunos ingredientes pueden haber cambiado desde su \u00faltima visita.<\/p>\n<p>Las descripciones de nuestros platos no siempre mencionan todos los ingredientes, por lo tanto, consulte la tabla de al\u00e9rgenos disponible en nuestras instalaciones si tiene alguna alergia o intolerancia alimentaria. Nuestra declaraci\u00f3n de al\u00e9rgenos cubre los 14 al\u00e9rgenos especificados por las directivas de la UE que son (1) gluten (2) huevo (3) l\u00e1cteo o lactosa (4) soja (5) s\u00e9samo (6) cacahuetes (7) frutos secos y nueces (8) pescado (9) mariscos (10) moluscos (11) apio (12) mostaza (13) altramuces (14) sulfitos.<\/p>\n<p>Tenga en cuenta que nuestro personal no tiene informaci\u00f3n sobre ning\u00fan otro al\u00e9rgeno y debido a la gravedad de estos y las intolerancias alimentarias, no podr\u00e1n ayudarle seleccionar platos si fuera su caso. \u00a0Si sufre de una alergia que no est\u00e1 cubierta en nuestro men\u00fa de al\u00e9rgenos, cont\u00e1ctenos antes de su visita e intentaremos ayudarle con los platos adecuados a sus necesidades.<\/p>\n<p>La Directiva de la UE no clasifica los pi\u00f1ones como un fruto seco.\u00a0\u00a0 Tome nota que est\u00e1n presentes en algunos de\u00a0 nuestros platos.<\/p>\n<p>Tenga en cuenta que los al\u00e9rgenos contenidos en los condimentos y salsas adicionales no est\u00e1n incluidos en la informaci\u00f3n que se ofrece.<\/p>\n<p>Aunque tratemos de mantener freidoras separadas, algunos art\u00edculos fritos pueden ser contaminados en la freidora con otros ingredientes que contienen contaminantes tales c\u00f3mo gluten, l\u00e1cteo, huevo, marisco, pescado, soja, s\u00e9samo y frutos secos.<\/p>\n<p>Preparamos y almacenamos alimentos en las mismas instalaciones y, por lo tanto, no podemos garantizar al 100% que nuestros productos sean adecuados para las personas con al\u00e9rgenos debido a un alto riesgo de contaminaci\u00f3n cruzada.<\/p>\n<p>Con respecto a helados y nuestra temporada alta, contaminaci\u00f3n cruzada de todos los al\u00e9rgenos podr\u00eda tener lugar dentro del expositor de cremas y en el congelador de helados. \u00a0Los al\u00e9rgenos de \u00e9stos est\u00e1n detallados por separado.\u00a0 P\u00eddala si fuera su caso.<\/p>\n<\/div><\/section>\n","protected":false},"excerpt":{"rendered":"","protected":false},"author":4,"featured_media":0,"parent":0,"menu_order":0,"comment_status":"closed","ping_status":"closed","template":"","meta":{"_joinchat":[],"footnotes":""},"class_list":["post-2195","page","type-page","status-publish","hentry"],"yoast_head":"<!-- This site is optimized with the Yoast SEO plugin v23.6 - https:\/\/yoast.com\/wordpress\/plugins\/seo\/ -->\n<title>ALERGIAS - Restaurante La Manga Club<\/title>\n<meta name=\"robots\" content=\"index, follow, max-snippet:-1, max-image-preview:large, max-video-preview:-1\" \/>\n<link rel=\"canonical\" href=\"https:\/\/elbistrolamangaclub.com\/es\/alergias\/\" \/>\n<meta property=\"og:locale\" content=\"es_ES\" \/>\n<meta property=\"og:type\" content=\"article\" \/>\n<meta property=\"og:title\" content=\"ALERGIAS - Restaurante La Manga Club\" \/>\n<meta property=\"og:url\" content=\"https:\/\/elbistrolamangaclub.com\/es\/alergias\/\" \/>\n<meta property=\"og:site_name\" content=\"Restaurante La Manga Club\" \/>\n<meta property=\"article:publisher\" content=\"https:\/\/www.facebook.com\/p\/El-Bistro-Restaurante-100031217328525\/\" \/>\n<meta property=\"article:modified_time\" content=\"2021-05-16T15:46:12+00:00\" \/>\n<meta name=\"twitter:card\" content=\"summary_large_image\" \/>\n<meta name=\"twitter:label1\" content=\"Tiempo de lectura\" \/>\n\t<meta name=\"twitter:data1\" content=\"3 minutos\" \/>\n<script type=\"application\/ld+json\" class=\"yoast-schema-graph\">{\"@context\":\"https:\/\/schema.org\",\"@graph\":[{\"@type\":\"WebPage\",\"@id\":\"https:\/\/elbistrolamangaclub.com\/es\/alergias\/\",\"url\":\"https:\/\/elbistrolamangaclub.com\/es\/alergias\/\",\"name\":\"ALERGIAS - Restaurante La Manga Club\",\"isPartOf\":{\"@id\":\"https:\/\/elbistrolamangaclub.com\/es\/#website\"},\"datePublished\":\"2020-02-28T00:17:26+00:00\",\"dateModified\":\"2021-05-16T15:46:12+00:00\",\"breadcrumb\":{\"@id\":\"https:\/\/elbistrolamangaclub.com\/es\/alergias\/#breadcrumb\"},\"inLanguage\":\"es\",\"potentialAction\":[{\"@type\":\"ReadAction\",\"target\":[\"https:\/\/elbistrolamangaclub.com\/es\/alergias\/\"]}]},{\"@type\":\"BreadcrumbList\",\"@id\":\"https:\/\/elbistrolamangaclub.com\/es\/alergias\/#breadcrumb\",\"itemListElement\":[{\"@type\":\"ListItem\",\"position\":1,\"name\":\"Portada\",\"item\":\"http:\/\/elbistrolamangaclub.com\/es\/welcome\/\"},{\"@type\":\"ListItem\",\"position\":2,\"name\":\"ALERGIAS\"}]},{\"@type\":\"WebSite\",\"@id\":\"https:\/\/elbistrolamangaclub.com\/es\/#website\",\"url\":\"https:\/\/elbistrolamangaclub.com\/es\/\",\"name\":\"Restaurante La Manga Club\",\"description\":\"El Bistro\",\"publisher\":{\"@id\":\"https:\/\/elbistrolamangaclub.com\/es\/#organization\"},\"potentialAction\":[{\"@type\":\"SearchAction\",\"target\":{\"@type\":\"EntryPoint\",\"urlTemplate\":\"https:\/\/elbistrolamangaclub.com\/es\/?s={search_term_string}\"},\"query-input\":{\"@type\":\"PropertyValueSpecification\",\"valueRequired\":true,\"valueName\":\"search_term_string\"}}],\"inLanguage\":\"es\"},{\"@type\":\"Organization\",\"@id\":\"https:\/\/elbistrolamangaclub.com\/es\/#organization\",\"name\":\"Restaurante La Manga Club\",\"url\":\"https:\/\/elbistrolamangaclub.com\/es\/\",\"logo\":{\"@type\":\"ImageObject\",\"inLanguage\":\"es\",\"@id\":\"https:\/\/elbistrolamangaclub.com\/es\/#\/schema\/logo\/image\/\",\"url\":\"https:\/\/elbistrolamangaclub.com\/wp-content\/uploads\/2019\/07\/ElBistro-logo-black.png\",\"contentUrl\":\"https:\/\/elbistrolamangaclub.com\/wp-content\/uploads\/2019\/07\/ElBistro-logo-black.png\",\"width\":396,\"height\":293,\"caption\":\"Restaurante La Manga Club\"},\"image\":{\"@id\":\"https:\/\/elbistrolamangaclub.com\/es\/#\/schema\/logo\/image\/\"},\"sameAs\":[\"https:\/\/www.facebook.com\/p\/El-Bistro-Restaurante-100031217328525\/\",\"https:\/\/www.instagram.com\/elbistro_lamangaclub\/\"]}]}<\/script>\n<!-- \/ Yoast SEO plugin. -->","yoast_head_json":{"title":"ALERGIAS - Restaurante La Manga Club","robots":{"index":"index","follow":"follow","max-snippet":"max-snippet:-1","max-image-preview":"max-image-preview:large","max-video-preview":"max-video-preview:-1"},"canonical":"https:\/\/elbistrolamangaclub.com\/es\/alergias\/","og_locale":"es_ES","og_type":"article","og_title":"ALERGIAS - Restaurante La Manga Club","og_url":"https:\/\/elbistrolamangaclub.com\/es\/alergias\/","og_site_name":"Restaurante La Manga Club","article_publisher":"https:\/\/www.facebook.com\/p\/El-Bistro-Restaurante-100031217328525\/","article_modified_time":"2021-05-16T15:46:12+00:00","twitter_card":"summary_large_image","twitter_misc":{"Tiempo de lectura":"3 minutos"},"schema":{"@context":"https:\/\/schema.org","@graph":[{"@type":"WebPage","@id":"https:\/\/elbistrolamangaclub.com\/es\/alergias\/","url":"https:\/\/elbistrolamangaclub.com\/es\/alergias\/","name":"ALERGIAS - Restaurante La Manga Club","isPartOf":{"@id":"https:\/\/elbistrolamangaclub.com\/es\/#website"},"datePublished":"2020-02-28T00:17:26+00:00","dateModified":"2021-05-16T15:46:12+00:00","breadcrumb":{"@id":"https:\/\/elbistrolamangaclub.com\/es\/alergias\/#breadcrumb"},"inLanguage":"es","potentialAction":[{"@type":"ReadAction","target":["https:\/\/elbistrolamangaclub.com\/es\/alergias\/"]}]},{"@type":"BreadcrumbList","@id":"https:\/\/elbistrolamangaclub.com\/es\/alergias\/#breadcrumb","itemListElement":[{"@type":"ListItem","position":1,"name":"Portada","item":"http:\/\/elbistrolamangaclub.com\/es\/welcome\/"},{"@type":"ListItem","position":2,"name":"ALERGIAS"}]},{"@type":"WebSite","@id":"https:\/\/elbistrolamangaclub.com\/es\/#website","url":"https:\/\/elbistrolamangaclub.com\/es\/","name":"Restaurante La Manga Club","description":"El Bistro","publisher":{"@id":"https:\/\/elbistrolamangaclub.com\/es\/#organization"},"potentialAction":[{"@type":"SearchAction","target":{"@type":"EntryPoint","urlTemplate":"https:\/\/elbistrolamangaclub.com\/es\/?s={search_term_string}"},"query-input":{"@type":"PropertyValueSpecification","valueRequired":true,"valueName":"search_term_string"}}],"inLanguage":"es"},{"@type":"Organization","@id":"https:\/\/elbistrolamangaclub.com\/es\/#organization","name":"Restaurante La Manga Club","url":"https:\/\/elbistrolamangaclub.com\/es\/","logo":{"@type":"ImageObject","inLanguage":"es","@id":"https:\/\/elbistrolamangaclub.com\/es\/#\/schema\/logo\/image\/","url":"https:\/\/elbistrolamangaclub.com\/wp-content\/uploads\/2019\/07\/ElBistro-logo-black.png","contentUrl":"https:\/\/elbistrolamangaclub.com\/wp-content\/uploads\/2019\/07\/ElBistro-logo-black.png","width":396,"height":293,"caption":"Restaurante La Manga Club"},"image":{"@id":"https:\/\/elbistrolamangaclub.com\/es\/#\/schema\/logo\/image\/"},"sameAs":["https:\/\/www.facebook.com\/p\/El-Bistro-Restaurante-100031217328525\/","https:\/\/www.instagram.com\/elbistro_lamangaclub\/"]}]}},"_links":{"self":[{"href":"https:\/\/elbistrolamangaclub.com\/es\/wp-json\/wp\/v2\/pages\/2195","targetHints":{"allow":["GET"]}}],"collection":[{"href":"https:\/\/elbistrolamangaclub.com\/es\/wp-json\/wp\/v2\/pages"}],"about":[{"href":"https:\/\/elbistrolamangaclub.com\/es\/wp-json\/wp\/v2\/types\/page"}],"author":[{"embeddable":true,"href":"https:\/\/elbistrolamangaclub.com\/es\/wp-json\/wp\/v2\/users\/4"}],"replies":[{"embeddable":true,"href":"https:\/\/elbistrolamangaclub.com\/es\/wp-json\/wp\/v2\/comments?post=2195"}],"version-history":[{"count":6,"href":"https:\/\/elbistrolamangaclub.com\/es\/wp-json\/wp\/v2\/pages\/2195\/revisions"}],"predecessor-version":[{"id":4568,"href":"https:\/\/elbistrolamangaclub.com\/es\/wp-json\/wp\/v2\/pages\/2195\/revisions\/4568"}],"wp:attachment":[{"href":"https:\/\/elbistrolamangaclub.com\/es\/wp-json\/wp\/v2\/media?parent=2195"}],"curies":[{"name":"wp","href":"https:\/\/api.w.org\/{rel}","templated":true}]}}